{"id":2812,"date":"2023-05-12T10:24:12","date_gmt":"2023-05-12T08:24:12","guid":{"rendered":"https:\/\/andersenschool.it\/school-bus\/"},"modified":"2025-07-17T12:33:14","modified_gmt":"2025-07-17T10:33:14","slug":"servizio-bus","status":"publish","type":"page","link":"https:\/\/andersenschool.it\/it\/servizio-bus\/","title":{"rendered":"Servizio School Bus"},"content":{"rendered":"\t\t<div data-elementor-type=\"wp-page\" data-elementor-id=\"2812\" class=\"elementor elementor-2812 elementor-340\" data-elementor-post-type=\"page\">\n\t\t\t\t<div class=\"elementor-element elementor-element-fe34e75 e-flex e-con-boxed e-con e-parent\" data-id=\"fe34e75\" data-element_type=\"container\">\n\t\t\t\t\t<div class=\"e-con-inner\">\n\t\t\t\t<div class=\"elementor-element elementor-element-79e5607 elementor-mobile-align-center elementor-widget elementor-widget-breadcrumbs\" data-id=\"79e5607\" data-element_type=\"widget\" data-widget_type=\"breadcrumbs.default\">\n\t\t\t\t<div class=\"elementor-widget-container\">\n\t\t\t\t\t<p id=\"breadcrumbs\"><span><span><a href=\"https:\/\/andersenschool.it\/\">Home<\/a><\/span><\/span><\/p>\t\t\t\t<\/div>\n\t\t\t\t<\/div>\n\t\t\t\t<div class=\"elementor-element elementor-element-ac44425 elementor-widget elementor-widget-heading\" data-id=\"ac44425\" data-element_type=\"widget\" data-widget_type=\"heading.default\">\n\t\t\t\t<div class=\"elementor-widget-container\">\n\t\t\t\t\t<h1 class=\"elementor-heading-title elementor-size-default\">Servizio School Bus<\/h1>\t\t\t\t<\/div>\n\t\t\t\t<\/div>\n\t\t\t\t\t<\/div>\n\t\t\t\t<\/div>\n\t\t<div class=\"elementor-element elementor-element-270ef99 e-flex e-con-boxed e-con e-parent\" data-id=\"270ef99\" data-element_type=\"container\">\n\t\t\t\t\t<div class=\"e-con-inner\">\n\t\t<div class=\"elementor-element elementor-element-d9382c3 e-con-full e-flex e-con e-child\" data-id=\"d9382c3\" data-element_type=\"container\">\n\t\t\t\t<div class=\"elementor-element elementor-element-adb4b8a elementor-widget elementor-widget-heading\" data-id=\"adb4b8a\" data-element_type=\"widget\" data-widget_type=\"heading.default\">\n\t\t\t\t<div class=\"elementor-widget-container\">\n\t\t\t\t\t<h2 class=\"elementor-heading-title elementor-size-default\">Servizi di trasporto scolastico sicuri e autorizzati.\n\n<\/h2>\t\t\t\t<\/div>\n\t\t\t\t<\/div>\n\t\t\t\t<div class=\"elementor-element elementor-element-d7a4914 elementor-widget elementor-widget-text-editor\" data-id=\"d7a4914\" data-element_type=\"widget\" data-widget_type=\"text-editor.default\">\n\t\t\t\t<div class=\"elementor-widget-container\">\n\t\t\t\t\t\t\t\t\t<p data-start=\"44\" data-end=\"167\">La Scuola si avvale di societ\u00e0 esterne per il servizio di trasporto scolastico nell\u2019area di Milano e hinterland.<\/p><p data-start=\"169\" data-end=\"227\" data-is-last-node=\"\" data-is-only-node=\"\">Le societ\u00e0 che le famiglie possono contattare sono le seguenti:<\/p><ul><li>Autonoleggio Canella<\/li><li>Autonoleggio Maucieri<\/li><li>Autonoleggio Papalino<\/li><\/ul><p>\u00a0<\/p><div>\u00a0<\/div><p data-start=\"73\" data-end=\"87\"><strong data-start=\"73\" data-end=\"87\">Procedura:<\/strong><\/p><p data-start=\"89\" data-end=\"156\">1 \u2013 La famiglia deve inoltrare la richiesta alla societ\u00e0 di trasporto;<\/p><p data-start=\"158\" data-end=\"355\">2 \u2013 La Societ\u00e0 di trasporto provveder\u00e0 a verificare la fattibilit\u00e0 del servizio, prendendo in considerazione il numero di richieste ricevute, la grandezza del mezzo e la viabilit\u00e0 della zona interessata.<\/p><p data-start=\"357\" data-end=\"543\">3 \u2013 Dopodich\u00e9, una volta ricevute tutte le richieste e svolto le appropriate verifiche, la Societ\u00e0 di trasporto comunicher\u00e0 alle famiglie orari e fermate, in caso di conferma del servizio.<\/p><p data-start=\"545\" data-end=\"722\">4 \u2013 In caso di conferma del servizio bus, la famiglia dovr\u00e0 avvisare la scuola inviando il modulo di <strong data-start=\"644\" data-end=\"670\">Autorizzazione Bus Compilato<\/strong>, disponibili sul nostro sito nella sezione <a href=\"https:\/\/andersenschool.it\/it\/moduli-scolastici\/\"><strong data-start=\"704\" data-end=\"713\">Moduli<\/strong><\/a>.<\/p><p data-start=\"724\" data-end=\"807\"><strong>Il servizio verr\u00e0 attivato previo raggiungimento del numero minimo di iscritti.<\/strong><\/p><p data-start=\"809\" data-end=\"878\">La societ\u00e0 di trasporto ha la responsabilit\u00e0 completa del servizio.<\/p>\t\t\t\t\t\t\t\t<\/div>\n\t\t\t\t<\/div>\n\t\t\t\t<\/div>\n\t\t<div class=\"elementor-element elementor-element-599c1c4 e-con-full e-flex e-con e-child\" data-id=\"599c1c4\" data-element_type=\"container\">\n\t\t\t\t<div class=\"elementor-element elementor-element-0b3fd6a elementor-widget elementor-widget-image\" data-id=\"0b3fd6a\" data-element_type=\"widget\" data-widget_type=\"image.default\">\n\t\t\t\t<div class=\"elementor-widget-container\">\n\t\t\t\t\t\t\t\t\t\t\t\t\t\t\t<img fetchpriority=\"high\" decoding=\"async\" width=\"800\" height=\"577\" src=\"https:\/\/andersenschool.it\/wp-content\/uploads\/2023\/08\/School-Bus-e1693302461667.jpg\" class=\"attachment-large size-large wp-image-1936\" alt=\"\" \/>\t\t\t\t\t\t\t\t\t\t\t\t\t\t\t<\/div>\n\t\t\t\t<\/div>\n\t\t\t\t<\/div>\n\t\t\t\t\t<\/div>\n\t\t\t\t<\/div>\n\t\t<div class=\"elementor-element elementor-element-bb0ab08 e-flex e-con-boxed e-con e-parent\" data-id=\"bb0ab08\" data-element_type=\"container\">\n\t\t\t\t\t<div class=\"e-con-inner\">\n\t\t<div class=\"elementor-element elementor-element-c6b90d4 e-con-full e-flex e-con e-child\" data-id=\"c6b90d4\" data-element_type=\"container\">\n\t\t\t\t<div class=\"elementor-element elementor-element-f175651 elementor-widget elementor-widget-image\" data-id=\"f175651\" data-element_type=\"widget\" data-widget_type=\"image.default\">\n\t\t\t\t<div class=\"elementor-widget-container\">\n\t\t\t\t\t\t\t\t\t\t\t\t\t\t\t<img decoding=\"async\" width=\"512\" height=\"512\" src=\"https:\/\/andersenschool.it\/wp-content\/uploads\/2023\/05\/cropped-fav-icon-andersen-school.jpg\" class=\"attachment-large size-large wp-image-110\" alt=\"\" srcset=\"https:\/\/andersenschool.it\/wp-content\/uploads\/2023\/05\/cropped-fav-icon-andersen-school.jpg 512w, https:\/\/andersenschool.it\/wp-content\/uploads\/2023\/05\/cropped-fav-icon-andersen-school-300x300.jpg 300w, https:\/\/andersenschool.it\/wp-content\/uploads\/2023\/05\/cropped-fav-icon-andersen-school-150x150.jpg 150w, https:\/\/andersenschool.it\/wp-content\/uploads\/2023\/05\/cropped-fav-icon-andersen-school-270x270.jpg 270w, https:\/\/andersenschool.it\/wp-content\/uploads\/2023\/05\/cropped-fav-icon-andersen-school-192x192.jpg 192w, https:\/\/andersenschool.it\/wp-content\/uploads\/2023\/05\/cropped-fav-icon-andersen-school-180x180.jpg 180w, https:\/\/andersenschool.it\/wp-content\/uploads\/2023\/05\/cropped-fav-icon-andersen-school-32x32.jpg 32w\" sizes=\"(max-width: 512px) 100vw, 512px\" \/>\t\t\t\t\t\t\t\t\t\t\t\t\t\t\t<\/div>\n\t\t\t\t<\/div>\n\t\t\t\t<div class=\"elementor-element elementor-element-d49fbfc elementor-widget elementor-widget-heading\" data-id=\"d49fbfc\" data-element_type=\"widget\" data-widget_type=\"heading.default\">\n\t\t\t\t<div class=\"elementor-widget-container\">\n\t\t\t\t\t<h3 class=\"elementor-heading-title elementor-size-default\">Aziende Bus<\/h3>\t\t\t\t<\/div>\n\t\t\t\t<\/div>\n\t\t\t\t<div class=\"elementor-element elementor-element-020c924 elementor-widget-divider--view-line elementor-widget elementor-widget-divider\" data-id=\"020c924\" data-element_type=\"widget\" data-widget_type=\"divider.default\">\n\t\t\t\t<div class=\"elementor-widget-container\">\n\t\t\t\t\t\t\t<div class=\"elementor-divider\">\n\t\t\t<span class=\"elementor-divider-separator\">\n\t\t\t\t\t\t<\/span>\n\t\t<\/div>\n\t\t\t\t\t\t<\/div>\n\t\t\t\t<\/div>\n\t\t<div class=\"elementor-element elementor-element-92ba728 e-flex e-con-boxed e-con e-child\" data-id=\"92ba728\" data-element_type=\"container\">\n\t\t\t\t\t<div class=\"e-con-inner\">\n\t\t<div class=\"elementor-element elementor-element-e4dc26e e-flex e-con-boxed e-con e-child\" data-id=\"e4dc26e\" data-element_type=\"container\">\n\t\t\t\t\t<div class=\"e-con-inner\">\n\t\t\t\t<div class=\"elementor-element elementor-element-f105cb0 elementor-widget elementor-widget-heading\" data-id=\"f105cb0\" data-element_type=\"widget\" data-widget_type=\"heading.default\">\n\t\t\t\t<div class=\"elementor-widget-container\">\n\t\t\t\t\t<h3 class=\"elementor-heading-title elementor-size-default\">Autonoleggio Mauceri\n<\/h3>\t\t\t\t<\/div>\n\t\t\t\t<\/div>\n\t\t\t\t<div class=\"elementor-element elementor-element-67d975b elementor-widget elementor-widget-text-editor\" data-id=\"67d975b\" data-element_type=\"widget\" data-widget_type=\"text-editor.default\">\n\t\t\t\t<div class=\"elementor-widget-container\">\n\t\t\t\t\t\t\t\t\t<p><strong>Sig. Jacopo Mauceri<\/strong><br><br>Cellulare: 347 6756718<br>Mail: <a href=\"mailto:jacopodriver@gmail.com\" target=\"_blank\" rel=\"noopener\"><span style=\"color: #2355ac;\">jacopodriver@gmail.com<\/span><\/a><\/p>\t\t\t\t\t\t\t\t<\/div>\n\t\t\t\t<\/div>\n\t\t\t\t\t<\/div>\n\t\t\t\t<\/div>\n\t\t<div class=\"elementor-element elementor-element-e703987 e-flex e-con-boxed e-con e-child\" data-id=\"e703987\" data-element_type=\"container\">\n\t\t\t\t\t<div class=\"e-con-inner\">\n\t\t\t\t<div class=\"elementor-element elementor-element-92612f7 elementor-widget elementor-widget-heading\" data-id=\"92612f7\" data-element_type=\"widget\" data-widget_type=\"heading.default\">\n\t\t\t\t<div class=\"elementor-widget-container\">\n\t\t\t\t\t<h3 class=\"elementor-heading-title elementor-size-default\">Autonoleggio Canella\n<\/h3>\t\t\t\t<\/div>\n\t\t\t\t<\/div>\n\t\t\t\t<div class=\"elementor-element elementor-element-0da3518 elementor-widget elementor-widget-text-editor\" data-id=\"0da3518\" data-element_type=\"widget\" data-widget_type=\"text-editor.default\">\n\t\t\t\t<div class=\"elementor-widget-container\">\n\t\t\t\t\t\t\t\t\t<p><strong>Sig. <span class=\"gmail-il\">Marino<\/span> Canella<\/strong><br>Cellulare: 345 9447449<br>Mail: <span style=\"color: #2355ac;\"><a style=\"color: #2355ac;\" href=\"mailto:moreno.canella1@gmail.com\" target=\"_blank\" rel=\"noopener\">moreno.canella1@gmail.com<\/a><\/span><\/p>\t\t\t\t\t\t\t\t<\/div>\n\t\t\t\t<\/div>\n\t\t\t\t\t<\/div>\n\t\t\t\t<\/div>\n\t\t<div class=\"elementor-element elementor-element-058a394 e-con-full e-flex e-con e-child\" data-id=\"058a394\" data-element_type=\"container\">\n\t\t\t\t<div class=\"elementor-element elementor-element-d17d145 elementor-widget elementor-widget-heading\" data-id=\"d17d145\" data-element_type=\"widget\" data-widget_type=\"heading.default\">\n\t\t\t\t<div class=\"elementor-widget-container\">\n\t\t\t\t\t<h2 class=\"elementor-heading-title elementor-size-default\">Autonoleggio Papalino\n\n<\/h2>\t\t\t\t<\/div>\n\t\t\t\t<\/div>\n\t\t\t\t<div class=\"elementor-element elementor-element-76e6b56 elementor-widget elementor-widget-text-editor\" data-id=\"76e6b56\" data-element_type=\"widget\" data-widget_type=\"text-editor.default\">\n\t\t\t\t<div class=\"elementor-widget-container\">\n\t\t\t\t\t\t\t\t\t<p><strong>Sig. Manuel Papalino<\/strong><br>Cellulare: 3933048071<\/p><p>Mail: <a href=\"mailto:MCS27@outlook.it\"><span style=\"color: #2355ac;\">MCS27@outlook.it<\/span><\/a><\/p>\t\t\t\t\t\t\t\t<\/div>\n\t\t\t\t<\/div>\n\t\t\t\t<\/div>\n\t\t\t\t\t<\/div>\n\t\t\t\t<\/div>\n\t\t\t\t<\/div>\n\t\t\t\t\t<\/div>\n\t\t\t\t<\/div>\n\t\t<div class=\"elementor-element elementor-element-77055cd e-flex e-con-boxed e-con e-parent\" data-id=\"77055cd\" data-element_type=\"container\">\n\t\t\t\t\t<div class=\"e-con-inner\">\n\t\t\t\t<div class=\"elementor-element elementor-element-c813c28 elementor-align-center elementor-widget elementor-widget-button\" data-id=\"c813c28\" data-element_type=\"widget\" data-widget_type=\"button.default\">\n\t\t\t\t<div class=\"elementor-widget-container\">\n\t\t\t\t\t\t\t\t\t<div class=\"elementor-button-wrapper\">\n\t\t\t\t\t<a class=\"elementor-button elementor-button-link elementor-size-sm elementor-animation-grow\" href=\"https:\/\/andersenschool.it\/wp-content\/uploads\/2025\/07\/School-Bus-Rules.pdf\">\n\t\t\t\t\t\t<span class=\"elementor-button-content-wrapper\">\n\t\t\t\t\t\t\t\t\t<span class=\"elementor-button-text\">Regole Servizio Bus<\/span>\n\t\t\t\t\t<\/span>\n\t\t\t\t\t<\/a>\n\t\t\t\t<\/div>\n\t\t\t\t\t\t\t\t<\/div>\n\t\t\t\t<\/div>\n\t\t\t\t\t<\/div>\n\t\t\t\t<\/div>\n\t\t\t\t<\/div>\n\t\t","protected":false},"excerpt":{"rendered":"<p>Servizi di trasporto scolastico sicuri e autorizzati. La Scuola si avvale di societ\u00e0 esterne per il servizio di trasporto scolastico nell\u2019area di Milano e hinterland. Le societ\u00e0 che le famiglie possono contattare sono le seguenti: Autonoleggio Canella Autonoleggio Maucieri Autonoleggio Papalino \u00a0 \u00a0 Procedura: 1 \u2013 La famiglia deve inoltrare la richiesta alla societ\u00e0 di [&hellip;]<\/p>\n","protected":false},"author":2,"featured_media":0,"parent":0,"menu_order":0,"comment_status":"closed","ping_status":"closed","template":"","meta":{"footnotes":""},"class_list":["post-2812","page","type-page","status-publish","hentry"],"yoast_head":"<!-- This site is optimized with the Yoast SEO plugin v27.4 - https:\/\/yoast.com\/product\/yoast-seo-wordpress\/ -->\n<title>Servizio School Bus - Andersen International School<\/title>\n<meta name=\"description\" content=\"Viaggia in sicurezza e comodit\u00e0 con il servizio scuolabus di Andersen International School: collegamenti affidabili per la tua istruzione.\" \/>\n<meta name=\"robots\" content=\"index, follow, max-snippet:-1, max-image-preview:large, max-video-preview:-1\" \/>\n<link rel=\"canonical\" href=\"https:\/\/andersenschool.it\/school-bus\/\" \/>\n<meta property=\"og:locale\" content=\"it_IT\" \/>\n<meta property=\"og:type\" content=\"article\" \/>\n<meta property=\"og:title\" content=\"Servizio School Bus - Andersen International School\" \/>\n<meta property=\"og:description\" content=\"Viaggia in sicurezza e comodit\u00e0 con il servizio scuolabus di Andersen International School: collegamenti affidabili per la tua istruzione.\" \/>\n<meta property=\"og:url\" content=\"https:\/\/andersenschool.it\/school-bus\/\" \/>\n<meta property=\"og:site_name\" content=\"Andersen International School\" \/>\n<meta property=\"article:modified_time\" content=\"2025-07-17T10:33:14+00:00\" \/>\n<meta property=\"og:image\" content=\"https:\/\/andersenschool.it\/wp-content\/uploads\/2023\/08\/School-Bus-e1693302461667.jpg\" \/>\n\t<meta property=\"og:image:width\" content=\"800\" \/>\n\t<meta property=\"og:image:height\" content=\"509\" \/>\n\t<meta property=\"og:image:type\" content=\"image\/jpeg\" \/>\n<meta name=\"twitter:card\" content=\"summary_large_image\" \/>\n<meta name=\"twitter:label1\" content=\"Tempo di lettura stimato\" \/>\n\t<meta name=\"twitter:data1\" content=\"2 minuti\" \/>\n<script type=\"application\/ld+json\" class=\"yoast-schema-graph\">{\"@context\":\"https:\\\/\\\/schema.org\",\"@graph\":[{\"@type\":\"WebPage\",\"@id\":\"https:\\\/\\\/andersenschool.it\\\/school-bus\\\/\",\"url\":\"https:\\\/\\\/andersenschool.it\\\/school-bus\\\/\",\"name\":\"Servizio School Bus - Andersen International School\",\"isPartOf\":{\"@id\":\"https:\\\/\\\/andersenschool.it\\\/#website\"},\"primaryImageOfPage\":{\"@id\":\"https:\\\/\\\/andersenschool.it\\\/school-bus\\\/#primaryimage\"},\"image\":{\"@id\":\"https:\\\/\\\/andersenschool.it\\\/school-bus\\\/#primaryimage\"},\"thumbnailUrl\":\"https:\\\/\\\/andersenschool.it\\\/wp-content\\\/uploads\\\/2023\\\/08\\\/School-Bus-e1693302461667.jpg\",\"datePublished\":\"2023-05-12T08:24:12+00:00\",\"dateModified\":\"2025-07-17T10:33:14+00:00\",\"description\":\"Viaggia in sicurezza e comodit\u00e0 con il servizio scuolabus di Andersen International School: collegamenti affidabili per la tua istruzione.\",\"breadcrumb\":{\"@id\":\"https:\\\/\\\/andersenschool.it\\\/school-bus\\\/#breadcrumb\"},\"inLanguage\":\"it-IT\",\"potentialAction\":[{\"@type\":\"ReadAction\",\"target\":[\"https:\\\/\\\/andersenschool.it\\\/school-bus\\\/\"]}]},{\"@type\":\"ImageObject\",\"inLanguage\":\"it-IT\",\"@id\":\"https:\\\/\\\/andersenschool.it\\\/school-bus\\\/#primaryimage\",\"url\":\"https:\\\/\\\/andersenschool.it\\\/wp-content\\\/uploads\\\/2023\\\/08\\\/School-Bus-e1693302461667.jpg\",\"contentUrl\":\"https:\\\/\\\/andersenschool.it\\\/wp-content\\\/uploads\\\/2023\\\/08\\\/School-Bus-e1693302461667.jpg\"},{\"@type\":\"BreadcrumbList\",\"@id\":\"https:\\\/\\\/andersenschool.it\\\/school-bus\\\/#breadcrumb\",\"itemListElement\":[{\"@type\":\"ListItem\",\"position\":1,\"name\":\"Home\",\"item\":\"https:\\\/\\\/andersenschool.it\\\/\"},{\"@type\":\"ListItem\",\"position\":2,\"name\":\"Servizio School Bus\"}]},{\"@type\":\"WebSite\",\"@id\":\"https:\\\/\\\/andersenschool.it\\\/#website\",\"url\":\"https:\\\/\\\/andersenschool.it\\\/\",\"name\":\"Andersen International School\",\"description\":\"\",\"publisher\":{\"@id\":\"https:\\\/\\\/andersenschool.it\\\/#organization\"},\"potentialAction\":[{\"@type\":\"SearchAction\",\"target\":{\"@type\":\"EntryPoint\",\"urlTemplate\":\"https:\\\/\\\/andersenschool.it\\\/?s={search_term_string}\"},\"query-input\":{\"@type\":\"PropertyValueSpecification\",\"valueRequired\":true,\"valueName\":\"search_term_string\"}}],\"inLanguage\":\"it-IT\"},{\"@type\":\"Organization\",\"@id\":\"https:\\\/\\\/andersenschool.it\\\/#organization\",\"name\":\"Andersen International School\",\"url\":\"https:\\\/\\\/andersenschool.it\\\/\",\"logo\":{\"@type\":\"ImageObject\",\"inLanguage\":\"it-IT\",\"@id\":\"https:\\\/\\\/andersenschool.it\\\/#\\\/schema\\\/logo\\\/image\\\/\",\"url\":\"https:\\\/\\\/andersenschool.it\\\/wp-content\\\/uploads\\\/2023\\\/05\\\/andersen-school-milano-logo.png\",\"contentUrl\":\"https:\\\/\\\/andersenschool.it\\\/wp-content\\\/uploads\\\/2023\\\/05\\\/andersen-school-milano-logo.png\",\"width\":500,\"height\":99,\"caption\":\"Andersen International School\"},\"image\":{\"@id\":\"https:\\\/\\\/andersenschool.it\\\/#\\\/schema\\\/logo\\\/image\\\/\"}}]}<\/script>\n<!-- \/ Yoast SEO plugin. -->","yoast_head_json":{"title":"Servizio School Bus - Andersen International School","description":"Viaggia in sicurezza e comodit\u00e0 con il servizio scuolabus di Andersen International School: collegamenti affidabili per la tua istruzione.","robots":{"index":"index","follow":"follow","max-snippet":"max-snippet:-1","max-image-preview":"max-image-preview:large","max-video-preview":"max-video-preview:-1"},"canonical":"https:\/\/andersenschool.it\/school-bus\/","og_locale":"it_IT","og_type":"article","og_title":"Servizio School Bus - Andersen International School","og_description":"Viaggia in sicurezza e comodit\u00e0 con il servizio scuolabus di Andersen International School: collegamenti affidabili per la tua istruzione.","og_url":"https:\/\/andersenschool.it\/school-bus\/","og_site_name":"Andersen International School","article_modified_time":"2025-07-17T10:33:14+00:00","og_image":[{"width":800,"height":509,"url":"https:\/\/andersenschool.it\/wp-content\/uploads\/2023\/08\/School-Bus-e1693302461667.jpg","type":"image\/jpeg"}],"twitter_card":"summary_large_image","twitter_misc":{"Tempo di lettura stimato":"2 minuti"},"schema":{"@context":"https:\/\/schema.org","@graph":[{"@type":"WebPage","@id":"https:\/\/andersenschool.it\/school-bus\/","url":"https:\/\/andersenschool.it\/school-bus\/","name":"Servizio School Bus - Andersen International School","isPartOf":{"@id":"https:\/\/andersenschool.it\/#website"},"primaryImageOfPage":{"@id":"https:\/\/andersenschool.it\/school-bus\/#primaryimage"},"image":{"@id":"https:\/\/andersenschool.it\/school-bus\/#primaryimage"},"thumbnailUrl":"https:\/\/andersenschool.it\/wp-content\/uploads\/2023\/08\/School-Bus-e1693302461667.jpg","datePublished":"2023-05-12T08:24:12+00:00","dateModified":"2025-07-17T10:33:14+00:00","description":"Viaggia in sicurezza e comodit\u00e0 con il servizio scuolabus di Andersen International School: collegamenti affidabili per la tua istruzione.","breadcrumb":{"@id":"https:\/\/andersenschool.it\/school-bus\/#breadcrumb"},"inLanguage":"it-IT","potentialAction":[{"@type":"ReadAction","target":["https:\/\/andersenschool.it\/school-bus\/"]}]},{"@type":"ImageObject","inLanguage":"it-IT","@id":"https:\/\/andersenschool.it\/school-bus\/#primaryimage","url":"https:\/\/andersenschool.it\/wp-content\/uploads\/2023\/08\/School-Bus-e1693302461667.jpg","contentUrl":"https:\/\/andersenschool.it\/wp-content\/uploads\/2023\/08\/School-Bus-e1693302461667.jpg"},{"@type":"BreadcrumbList","@id":"https:\/\/andersenschool.it\/school-bus\/#breadcrumb","itemListElement":[{"@type":"ListItem","position":1,"name":"Home","item":"https:\/\/andersenschool.it\/"},{"@type":"ListItem","position":2,"name":"Servizio School Bus"}]},{"@type":"WebSite","@id":"https:\/\/andersenschool.it\/#website","url":"https:\/\/andersenschool.it\/","name":"Andersen International School","description":"","publisher":{"@id":"https:\/\/andersenschool.it\/#organization"},"potentialAction":[{"@type":"SearchAction","target":{"@type":"EntryPoint","urlTemplate":"https:\/\/andersenschool.it\/?s={search_term_string}"},"query-input":{"@type":"PropertyValueSpecification","valueRequired":true,"valueName":"search_term_string"}}],"inLanguage":"it-IT"},{"@type":"Organization","@id":"https:\/\/andersenschool.it\/#organization","name":"Andersen International School","url":"https:\/\/andersenschool.it\/","logo":{"@type":"ImageObject","inLanguage":"it-IT","@id":"https:\/\/andersenschool.it\/#\/schema\/logo\/image\/","url":"https:\/\/andersenschool.it\/wp-content\/uploads\/2023\/05\/andersen-school-milano-logo.png","contentUrl":"https:\/\/andersenschool.it\/wp-content\/uploads\/2023\/05\/andersen-school-milano-logo.png","width":500,"height":99,"caption":"Andersen International School"},"image":{"@id":"https:\/\/andersenschool.it\/#\/schema\/logo\/image\/"}}]}},"_links":{"self":[{"href":"https:\/\/andersenschool.it\/it\/wp-json\/wp\/v2\/pages\/2812","targetHints":{"allow":["GET"]}}],"collection":[{"href":"https:\/\/andersenschool.it\/it\/wp-json\/wp\/v2\/pages"}],"about":[{"href":"https:\/\/andersenschool.it\/it\/wp-json\/wp\/v2\/types\/page"}],"author":[{"embeddable":true,"href":"https:\/\/andersenschool.it\/it\/wp-json\/wp\/v2\/users\/2"}],"replies":[{"embeddable":true,"href":"https:\/\/andersenschool.it\/it\/wp-json\/wp\/v2\/comments?post=2812"}],"version-history":[{"count":78,"href":"https:\/\/andersenschool.it\/it\/wp-json\/wp\/v2\/pages\/2812\/revisions"}],"predecessor-version":[{"id":8484,"href":"https:\/\/andersenschool.it\/it\/wp-json\/wp\/v2\/pages\/2812\/revisions\/8484"}],"wp:attachment":[{"href":"https:\/\/andersenschool.it\/it\/wp-json\/wp\/v2\/media?parent=2812"}],"curies":[{"name":"wp","href":"https:\/\/api.w.org\/{rel}","templated":true}]}}