{"id":2932,"date":"2023-05-15T15:36:18","date_gmt":"2023-05-15T13:36:18","guid":{"rendered":"https:\/\/andersenschool.it\/pshe-policy\/"},"modified":"2023-11-02T13:08:16","modified_gmt":"2023-11-02T12:08:16","slug":"pshe","status":"publish","type":"page","link":"https:\/\/andersenschool.it\/it\/pshe\/","title":{"rendered":"PSHE"},"content":{"rendered":"\t\t<div data-elementor-type=\"wp-page\" data-elementor-id=\"2932\" class=\"elementor elementor-2932 elementor-453\" data-elementor-post-type=\"page\">\n\t\t\t\t<div class=\"elementor-element elementor-element-aa60343 e-flex e-con-boxed e-con e-parent\" data-id=\"aa60343\" data-element_type=\"container\">\n\t\t\t\t\t<div class=\"e-con-inner\">\n\t\t\t\t<div class=\"elementor-element elementor-element-60396da elementor-mobile-align-center elementor-widget elementor-widget-breadcrumbs\" data-id=\"60396da\" data-element_type=\"widget\" data-widget_type=\"breadcrumbs.default\">\n\t\t\t\t<div class=\"elementor-widget-container\">\n\t\t\t\t\t<p id=\"breadcrumbs\"><span><span><a href=\"https:\/\/andersenschool.it\/\">Home<\/a><\/span><\/span><\/p>\t\t\t\t<\/div>\n\t\t\t\t<\/div>\n\t\t\t\t<div class=\"elementor-element elementor-element-3eef7de elementor-widget elementor-widget-heading\" data-id=\"3eef7de\" data-element_type=\"widget\" data-widget_type=\"heading.default\">\n\t\t\t\t<div class=\"elementor-widget-container\">\n\t\t\t\t\t<h1 class=\"elementor-heading-title elementor-size-default\">POLITICA DI EDUCAZIONE PERSONALE, SOCIALE E ALLA SALUTE (PSHE)\n<\/h1>\t\t\t\t<\/div>\n\t\t\t\t<\/div>\n\t\t\t\t\t<\/div>\n\t\t\t\t<\/div>\n\t\t<div class=\"elementor-element elementor-element-8241727 e-flex e-con-boxed e-con e-parent\" data-id=\"8241727\" data-element_type=\"container\">\n\t\t\t\t\t<div class=\"e-con-inner\">\n\t\t<div class=\"elementor-element elementor-element-9dbc0b9 e-con-full e-flex e-con e-parent\" data-id=\"9dbc0b9\" data-element_type=\"container\">\n\t\t\t\t<div class=\"elementor-element elementor-element-e72efff elementor-widget elementor-widget-heading\" data-id=\"e72efff\" data-element_type=\"widget\" data-widget_type=\"heading.default\">\n\t\t\t\t<div class=\"elementor-widget-container\">\n\t\t\t\t\t<h2 class=\"elementor-heading-title elementor-size-default\">ALLA ANDERSEN INTERNATIONAL SCHOOL, L'EDUCAZIONE PERSONALE, SOCIALE E ALLA SALUTE (PSHE) PERMETTE AI NOSTRI BAMBINI DI DIVENTARE MEMBRI INDIPENDENTI E RESPONSABILI DELLA SOCIET\u00c0.\n\n\n<\/h2>\t\t\t\t<\/div>\n\t\t\t\t<\/div>\n\t\t\t\t<div class=\"elementor-element elementor-element-35ee8e9 elementor-widget elementor-widget-text-editor\" data-id=\"35ee8e9\" data-element_type=\"widget\" data-widget_type=\"text-editor.default\">\n\t\t\t\t<div class=\"elementor-widget-container\">\n\t\t\t\t\t\t\t\t\t<p><span style=\"font-weight: 400;\">I nostri alunni sono incoraggiati a sviluppare il proprio senso di autostima svolgendo un ruolo positivo nel contribuire alla vita scolastica e alla comunit\u00e0 pi\u00f9 ampia.<\/span><\/p><p><span style=\"font-weight: 400;\">Offriamo loro opportunit\u00e0 per apprendere i diritti e le responsabilit\u00e0 e apprezzare cosa significhi essere un membro positivo di una societ\u00e0 diversificata.<\/span><\/p><p><strong>I nostri obiettivi sono di permettere ai bambini di:<\/strong><\/p><ol><li><span style=\"font-weight: 400;\">Riconoscere il proprio valore<br \/><\/span><\/li><li><span style=\"font-weight: 400;\">Lavorare bene con gli altri<\/span><\/li><li><span style=\"font-weight: 400;\">Sviluppare relazioni positive e rispetto per gli altri<br \/><\/span><\/li><li><span style=\"font-weight: 400;\">Comprendere la nostra comune umanit\u00e0, la diversit\u00e0 e le differenze<br \/><\/span><\/li><li><span style=\"font-weight: 400;\">Conoscere e comprendere cosa costituisce uno stile di vita sano<br \/><\/span><\/li><li><span style=\"font-weight: 400;\">Sviluppare la consapevolezza della sicurezza<br \/><\/span><\/li><li><span style=\"font-weight: 400;\">Essere membri positivi e attivi di una societ\u00e0 democratica<br \/><\/span><\/li><li><span style=\"font-weight: 400;\">Sviluppare fiducia in se stessi e autostima e prendere decisioni informate riguardo le scelte personali e sociali<\/span><\/li><li><span style=\"font-weight: 400;\">Formare buone relazioni con gli altri membri della scuola e della comunit\u00e0 pi\u00f9 ampia<\/span><\/li><\/ol>\t\t\t\t\t\t\t\t<\/div>\n\t\t\t\t<\/div>\n\t\t\t\t<\/div>\n\t\t<div class=\"elementor-element elementor-element-5f31071 e-con-full e-flex e-con e-parent\" data-id=\"5f31071\" data-element_type=\"container\">\n\t\t\t\t<div class=\"elementor-element elementor-element-1e95238 elementor-widget elementor-widget-image\" data-id=\"1e95238\" data-element_type=\"widget\" data-widget_type=\"image.default\">\n\t\t\t\t<div class=\"elementor-widget-container\">\n\t\t\t\t\t\t\t\t\t\t\t\t\t\t\t<img fetchpriority=\"high\" decoding=\"async\" width=\"800\" height=\"532\" src=\"https:\/\/andersenschool.it\/wp-content\/uploads\/2023\/09\/PSHE-policy-1-1.jpg\" class=\"attachment-large size-large wp-image-2430\" alt=\"\" srcset=\"https:\/\/andersenschool.it\/wp-content\/uploads\/2023\/09\/PSHE-policy-1-1.jpg 800w, https:\/\/andersenschool.it\/wp-content\/uploads\/2023\/09\/PSHE-policy-1-1-300x200.jpg 300w, https:\/\/andersenschool.it\/wp-content\/uploads\/2023\/09\/PSHE-policy-1-1-768x511.jpg 768w\" sizes=\"(max-width: 800px) 100vw, 800px\" \/>\t\t\t\t\t\t\t\t\t\t\t\t\t\t\t<\/div>\n\t\t\t\t<\/div>\n\t\t\t\t<\/div>\n\t\t\t\t\t<\/div>\n\t\t\t\t<\/div>\n\t\t<div class=\"elementor-element elementor-element-91b7698 e-flex e-con-boxed e-con e-parent\" data-id=\"91b7698\" data-element_type=\"container\">\n\t\t\t\t\t<div class=\"e-con-inner\">\n\t\t<div class=\"elementor-element elementor-element-b9313ac e-con-full e-flex e-con e-parent\" data-id=\"b9313ac\" data-element_type=\"container\">\n\t\t\t\t<div class=\"elementor-element elementor-element-61e96a9 elementor-widget elementor-widget-image\" data-id=\"61e96a9\" data-element_type=\"widget\" data-widget_type=\"image.default\">\n\t\t\t\t<div class=\"elementor-widget-container\">\n\t\t\t\t\t\t\t\t\t\t\t\t\t\t\t<img decoding=\"async\" width=\"512\" height=\"512\" src=\"https:\/\/andersenschool.it\/wp-content\/uploads\/2023\/05\/cropped-fav-icon-andersen-school.jpg\" class=\"attachment-large size-large wp-image-110\" alt=\"\" srcset=\"https:\/\/andersenschool.it\/wp-content\/uploads\/2023\/05\/cropped-fav-icon-andersen-school.jpg 512w, https:\/\/andersenschool.it\/wp-content\/uploads\/2023\/05\/cropped-fav-icon-andersen-school-300x300.jpg 300w, https:\/\/andersenschool.it\/wp-content\/uploads\/2023\/05\/cropped-fav-icon-andersen-school-150x150.jpg 150w, https:\/\/andersenschool.it\/wp-content\/uploads\/2023\/05\/cropped-fav-icon-andersen-school-270x270.jpg 270w, https:\/\/andersenschool.it\/wp-content\/uploads\/2023\/05\/cropped-fav-icon-andersen-school-192x192.jpg 192w, https:\/\/andersenschool.it\/wp-content\/uploads\/2023\/05\/cropped-fav-icon-andersen-school-180x180.jpg 180w, https:\/\/andersenschool.it\/wp-content\/uploads\/2023\/05\/cropped-fav-icon-andersen-school-32x32.jpg 32w\" sizes=\"(max-width: 512px) 100vw, 512px\" \/>\t\t\t\t\t\t\t\t\t\t\t\t\t\t\t<\/div>\n\t\t\t\t<\/div>\n\t\t<div class=\"elementor-element elementor-element-c702148 e-flex e-con-boxed e-con e-parent\" data-id=\"c702148\" data-element_type=\"container\">\n\t\t\t\t\t<div class=\"e-con-inner\">\n\t\t<div class=\"elementor-element elementor-element-4aa05e9 e-con-full e-flex e-con e-parent\" data-id=\"4aa05e9\" data-element_type=\"container\">\n\t\t\t\t<div class=\"elementor-element elementor-element-963f0d9 elementor-widget elementor-widget-image\" data-id=\"963f0d9\" data-element_type=\"widget\" data-widget_type=\"image.default\">\n\t\t\t\t<div class=\"elementor-widget-container\">\n\t\t\t\t\t\t\t\t\t\t\t\t\t\t\t<img decoding=\"async\" width=\"768\" height=\"1024\" src=\"https:\/\/andersenschool.it\/wp-content\/uploads\/2023\/08\/PSHE-Policy-2-768x1024.jpeg\" class=\"attachment-large size-large wp-image-1931\" alt=\"\" srcset=\"https:\/\/andersenschool.it\/wp-content\/uploads\/2023\/08\/PSHE-Policy-2-768x1024.jpeg 768w, https:\/\/andersenschool.it\/wp-content\/uploads\/2023\/08\/PSHE-Policy-2-225x300.jpeg 225w, https:\/\/andersenschool.it\/wp-content\/uploads\/2023\/08\/PSHE-Policy-2.jpeg 800w\" sizes=\"(max-width: 768px) 100vw, 768px\" \/>\t\t\t\t\t\t\t\t\t\t\t\t\t\t\t<\/div>\n\t\t\t\t<\/div>\n\t\t\t\t<\/div>\n\t\t<div class=\"elementor-element elementor-element-6d1225a e-flex e-con-boxed e-con e-parent\" data-id=\"6d1225a\" data-element_type=\"container\">\n\t\t\t\t\t<div class=\"e-con-inner\">\n\t\t\t\t<div class=\"elementor-element elementor-element-c0e7dc8 elementor-widget elementor-widget-heading\" data-id=\"c0e7dc8\" data-element_type=\"widget\" data-widget_type=\"heading.default\">\n\t\t\t\t<div class=\"elementor-widget-container\">\n\t\t\t\t\t<h2 class=\"elementor-heading-title elementor-size-default\">Fase iniziale<\/h2>\t\t\t\t<\/div>\n\t\t\t\t<\/div>\n\t\t\t\t<div class=\"elementor-element elementor-element-3db80b2 elementor-widget-divider--view-line elementor-widget elementor-widget-divider\" data-id=\"3db80b2\" data-element_type=\"widget\" data-widget_type=\"divider.default\">\n\t\t\t\t<div class=\"elementor-widget-container\">\n\t\t\t\t\t\t\t<div class=\"elementor-divider\">\n\t\t\t<span class=\"elementor-divider-separator\">\n\t\t\t\t\t\t<\/span>\n\t\t<\/div>\n\t\t\t\t\t\t<\/div>\n\t\t\t\t<\/div>\n\t\t\t\t<div class=\"elementor-element elementor-element-a92d00a elementor-widget elementor-widget-text-editor\" data-id=\"a92d00a\" data-element_type=\"widget\" data-widget_type=\"text-editor.default\">\n\t\t\t\t<div class=\"elementor-widget-container\">\n\t\t\t\t\t\t\t\t\t<p><span style=\"font-weight: 400;\">Insegniamo PSHE nella Fase Iniziale come parte integrante delle tematiche affrontate durante l&#8217;anno. Colleghiamo gli aspetti di PSHE del lavoro dei bambini alle aree di apprendimento stabilite nelle linee guida della Fase Iniziale per sviluppare lo sviluppo personale, emotivo e sociale di un bambino.<\/span><\/p>\t\t\t\t\t\t\t\t<\/div>\n\t\t\t\t<\/div>\n\t\t\t\t<div class=\"elementor-element elementor-element-cba196b elementor-widget elementor-widget-heading\" data-id=\"cba196b\" data-element_type=\"widget\" data-widget_type=\"heading.default\">\n\t\t\t\t<div class=\"elementor-widget-container\">\n\t\t\t\t\t<h2 class=\"elementor-heading-title elementor-size-default\">Valutazione e registrazione\n<\/h2>\t\t\t\t<\/div>\n\t\t\t\t<\/div>\n\t\t\t\t<div class=\"elementor-element elementor-element-832ff3c elementor-widget-divider--view-line elementor-widget elementor-widget-divider\" data-id=\"832ff3c\" data-element_type=\"widget\" data-widget_type=\"divider.default\">\n\t\t\t\t<div class=\"elementor-widget-container\">\n\t\t\t\t\t\t\t<div class=\"elementor-divider\">\n\t\t\t<span class=\"elementor-divider-separator\">\n\t\t\t\t\t\t<\/span>\n\t\t<\/div>\n\t\t\t\t\t\t<\/div>\n\t\t\t\t<\/div>\n\t\t\t\t<div class=\"elementor-element elementor-element-5a903a2 elementor-widget elementor-widget-text-editor\" data-id=\"5a903a2\" data-element_type=\"widget\" data-widget_type=\"text-editor.default\">\n\t\t\t\t<div class=\"elementor-widget-container\">\n\t\t\t\t\t\t\t\t\t<p><span style=\"font-weight: 400;\">La valutazione consiste nel riconoscere ci\u00f2 che gli studenti hanno fatto o completato con successo, aumentando cos\u00ec la loro autostima. Gli insegnanti dovranno quindi praticare una variet\u00e0 di approcci alla valutazione del successo individuale. Gli insegnanti devono esercitare cautela nel giudicare la performance individuale degli studenti in termini di atteggiamenti, valori e comportamenti evidenti, poich\u00e9 il proprio atteggiamento avr\u00e0 indubbiamente un&#8217;influenza su questo processo. I risultati degli studenti in PSHE vengono comunicati ai genitori in forma formativa.<\/span><\/p>\t\t\t\t\t\t\t\t<\/div>\n\t\t\t\t<\/div>\n\t\t\t\t<div class=\"elementor-element elementor-element-e2a6467 elementor-widget elementor-widget-heading\" data-id=\"e2a6467\" data-element_type=\"widget\" data-widget_type=\"heading.default\">\n\t\t\t\t<div class=\"elementor-widget-container\">\n\t\t\t\t\t<h2 class=\"elementor-heading-title elementor-size-default\">Risorse\n<\/h2>\t\t\t\t<\/div>\n\t\t\t\t<\/div>\n\t\t\t\t<div class=\"elementor-element elementor-element-e23eacb elementor-widget-divider--view-line elementor-widget elementor-widget-divider\" data-id=\"e23eacb\" data-element_type=\"widget\" data-widget_type=\"divider.default\">\n\t\t\t\t<div class=\"elementor-widget-container\">\n\t\t\t\t\t\t\t<div class=\"elementor-divider\">\n\t\t\t<span class=\"elementor-divider-separator\">\n\t\t\t\t\t\t<\/span>\n\t\t<\/div>\n\t\t\t\t\t\t<\/div>\n\t\t\t\t<\/div>\n\t\t\t\t<div class=\"elementor-element elementor-element-857c7d0 elementor-widget elementor-widget-text-editor\" data-id=\"857c7d0\" data-element_type=\"widget\" data-widget_type=\"text-editor.default\">\n\t\t\t\t<div class=\"elementor-widget-container\">\n\t\t\t\t\t\t\t\t\t<p><span style=\"font-weight: 400;\">La scuola dispone di una serie di libri che trattano vari aspetti di PSHE, tra cui l&#8217;affrontare il lutto, la scelta di cibi sani e le decisioni corrette.\u00a0<\/span><span style=\"font-weight: 400;\">In tutta la scuola sono presenti e ben visibili poster che ricordano ai bambini le regole principali e pi\u00f9 importanti per stare correttamente in classe, in cortile e in mensa.<\/span><\/p>\t\t\t\t\t\t\t\t<\/div>\n\t\t\t\t<\/div>\n\t\t\t\t<div class=\"elementor-element elementor-element-93b1709 elementor-widget elementor-widget-heading\" data-id=\"93b1709\" data-element_type=\"widget\" data-widget_type=\"heading.default\">\n\t\t\t\t<div class=\"elementor-widget-container\">\n\t\t\t\t\t<h2 class=\"elementor-heading-title elementor-size-default\">Monitoraggio e revisione<\/h2>\t\t\t\t<\/div>\n\t\t\t\t<\/div>\n\t\t\t\t<div class=\"elementor-element elementor-element-43cc814 elementor-widget-divider--view-line elementor-widget elementor-widget-divider\" data-id=\"43cc814\" data-element_type=\"widget\" data-widget_type=\"divider.default\">\n\t\t\t\t<div class=\"elementor-widget-container\">\n\t\t\t\t\t\t\t<div class=\"elementor-divider\">\n\t\t\t<span class=\"elementor-divider-separator\">\n\t\t\t\t\t\t<\/span>\n\t\t<\/div>\n\t\t\t\t\t\t<\/div>\n\t\t\t\t<\/div>\n\t\t\t\t<div class=\"elementor-element elementor-element-d9e6227 elementor-widget elementor-widget-text-editor\" data-id=\"d9e6227\" data-element_type=\"widget\" data-widget_type=\"text-editor.default\">\n\t\t\t\t<div class=\"elementor-widget-container\">\n\t\t\t\t\t\t\t\t\t<p><span style=\"font-weight: 400;\">Il Coordinatore di PSHE \u00e8 responsabile del monitoraggio degli standard del lavoro dei bambini e della qualit\u00e0 dell&#8217;insegnamento. Questa persona supporta i colleghi nell&#8217;insegnamento di PSHE, fornendo loro informazioni sulle attuali evoluzioni della materia. I punti di forza e di debolezza della materia e le aree che richiedono miglioramenti sono discussi con i Responsabili di Fase e i colleghi e i feedback sono forniti ai Direttori.<\/span><\/p>\t\t\t\t\t\t\t\t<\/div>\n\t\t\t\t<\/div>\n\t\t\t\t\t<\/div>\n\t\t\t\t<\/div>\n\t\t\t\t\t<\/div>\n\t\t\t\t<\/div>\n\t\t\t\t<\/div>\n\t\t\t\t\t<\/div>\n\t\t\t\t<\/div>\n\t\t<div class=\"elementor-element elementor-element-4f95383 e-flex e-con-boxed e-con e-parent\" data-id=\"4f95383\" data-element_type=\"container\">\n\t\t\t\t\t<div class=\"e-con-inner\">\n\t\t\t\t<div class=\"elementor-element elementor-element-46851c8 elementor-widget elementor-widget-spacer\" data-id=\"46851c8\" data-element_type=\"widget\" data-widget_type=\"spacer.default\">\n\t\t\t\t<div class=\"elementor-widget-container\">\n\t\t\t\t\t\t\t<div class=\"elementor-spacer\">\n\t\t\t<div class=\"elementor-spacer-inner\"><\/div>\n\t\t<\/div>\n\t\t\t\t\t\t<\/div>\n\t\t\t\t<\/div>\n\t\t\t\t\t<\/div>\n\t\t\t\t<\/div>\n\t\t\t\t<\/div>\n\t\t","protected":false},"excerpt":{"rendered":"<p>POLITICA DI EDUCAZIONE PERSONALE, SOCIALE E ALLA SALUTE (PSHE) ALLA ANDERSEN INTERNATIONAL SCHOOL, L&#8217;EDUCAZIONE PERSONALE, SOCIALE E ALLA SALUTE (PSHE) PERMETTE AI NOSTRI BAMBINI DI DIVENTARE MEMBRI INDIPENDENTI E RESPONSABILI DELLA SOCIET\u00c0. I nostri alunni sono incoraggiati a sviluppare il proprio senso di autostima svolgendo un ruolo positivo nel contribuire alla vita scolastica e alla [&hellip;]<\/p>\n","protected":false},"author":2,"featured_media":0,"parent":0,"menu_order":0,"comment_status":"closed","ping_status":"closed","template":"","meta":{"footnotes":""},"class_list":["post-2932","page","type-page","status-publish","hentry"],"yoast_head":"<!-- This site is optimized with the Yoast SEO plugin v27.4 - https:\/\/yoast.com\/product\/yoast-seo-wordpress\/ -->\n<title>PSHE - Andersen International School<\/title>\n<meta name=\"description\" content=\"Approfondisci la PSHE Policy di Andersen International School: educazione personale, sociale, sanitaria ed economica\" \/>\n<meta name=\"robots\" content=\"index, follow, max-snippet:-1, max-image-preview:large, max-video-preview:-1\" \/>\n<link rel=\"canonical\" href=\"https:\/\/andersenschool.it\/it\/pshe\/\" \/>\n<meta property=\"og:locale\" content=\"it_IT\" \/>\n<meta property=\"og:type\" content=\"article\" \/>\n<meta property=\"og:title\" content=\"PSHE - Andersen International School\" \/>\n<meta property=\"og:description\" content=\"Approfondisci la PSHE Policy di Andersen International School: educazione personale, sociale, sanitaria ed economica\" \/>\n<meta property=\"og:url\" content=\"https:\/\/andersenschool.it\/it\/pshe\/\" \/>\n<meta property=\"og:site_name\" content=\"Andersen International School\" \/>\n<meta property=\"article:modified_time\" content=\"2023-11-02T12:08:16+00:00\" \/>\n<meta property=\"og:image\" content=\"https:\/\/andersenschool.it\/wp-content\/uploads\/2023\/09\/PSHE-policy-1-1.jpg\" \/>\n<meta name=\"twitter:card\" content=\"summary_large_image\" \/>\n<meta name=\"twitter:label1\" content=\"Tempo di lettura stimato\" \/>\n\t<meta name=\"twitter:data1\" content=\"3 minuti\" \/>\n<script type=\"application\/ld+json\" class=\"yoast-schema-graph\">{\"@context\":\"https:\\\/\\\/schema.org\",\"@graph\":[{\"@type\":\"WebPage\",\"@id\":\"https:\\\/\\\/andersenschool.it\\\/it\\\/pshe\\\/\",\"url\":\"https:\\\/\\\/andersenschool.it\\\/it\\\/pshe\\\/\",\"name\":\"PSHE - Andersen International School\",\"isPartOf\":{\"@id\":\"https:\\\/\\\/andersenschool.it\\\/#website\"},\"primaryImageOfPage\":{\"@id\":\"https:\\\/\\\/andersenschool.it\\\/it\\\/pshe\\\/#primaryimage\"},\"image\":{\"@id\":\"https:\\\/\\\/andersenschool.it\\\/it\\\/pshe\\\/#primaryimage\"},\"thumbnailUrl\":\"https:\\\/\\\/andersenschool.it\\\/wp-content\\\/uploads\\\/2023\\\/09\\\/PSHE-policy-1-1.jpg\",\"datePublished\":\"2023-05-15T13:36:18+00:00\",\"dateModified\":\"2023-11-02T12:08:16+00:00\",\"description\":\"Approfondisci la PSHE Policy di Andersen International School: educazione personale, sociale, sanitaria ed economica\",\"breadcrumb\":{\"@id\":\"https:\\\/\\\/andersenschool.it\\\/it\\\/pshe\\\/#breadcrumb\"},\"inLanguage\":\"it-IT\",\"potentialAction\":[{\"@type\":\"ReadAction\",\"target\":[\"https:\\\/\\\/andersenschool.it\\\/it\\\/pshe\\\/\"]}]},{\"@type\":\"ImageObject\",\"inLanguage\":\"it-IT\",\"@id\":\"https:\\\/\\\/andersenschool.it\\\/it\\\/pshe\\\/#primaryimage\",\"url\":\"https:\\\/\\\/andersenschool.it\\\/wp-content\\\/uploads\\\/2023\\\/09\\\/PSHE-policy-1-1.jpg\",\"contentUrl\":\"https:\\\/\\\/andersenschool.it\\\/wp-content\\\/uploads\\\/2023\\\/09\\\/PSHE-policy-1-1.jpg\"},{\"@type\":\"BreadcrumbList\",\"@id\":\"https:\\\/\\\/andersenschool.it\\\/it\\\/pshe\\\/#breadcrumb\",\"itemListElement\":[{\"@type\":\"ListItem\",\"position\":1,\"name\":\"Home\",\"item\":\"https:\\\/\\\/andersenschool.it\\\/\"},{\"@type\":\"ListItem\",\"position\":2,\"name\":\"PSHE\"}]},{\"@type\":\"WebSite\",\"@id\":\"https:\\\/\\\/andersenschool.it\\\/#website\",\"url\":\"https:\\\/\\\/andersenschool.it\\\/\",\"name\":\"Andersen International School\",\"description\":\"\",\"publisher\":{\"@id\":\"https:\\\/\\\/andersenschool.it\\\/#organization\"},\"potentialAction\":[{\"@type\":\"SearchAction\",\"target\":{\"@type\":\"EntryPoint\",\"urlTemplate\":\"https:\\\/\\\/andersenschool.it\\\/?s={search_term_string}\"},\"query-input\":{\"@type\":\"PropertyValueSpecification\",\"valueRequired\":true,\"valueName\":\"search_term_string\"}}],\"inLanguage\":\"it-IT\"},{\"@type\":\"Organization\",\"@id\":\"https:\\\/\\\/andersenschool.it\\\/#organization\",\"name\":\"Andersen International School\",\"url\":\"https:\\\/\\\/andersenschool.it\\\/\",\"logo\":{\"@type\":\"ImageObject\",\"inLanguage\":\"it-IT\",\"@id\":\"https:\\\/\\\/andersenschool.it\\\/#\\\/schema\\\/logo\\\/image\\\/\",\"url\":\"https:\\\/\\\/andersenschool.it\\\/wp-content\\\/uploads\\\/2023\\\/05\\\/andersen-school-milano-logo.png\",\"contentUrl\":\"https:\\\/\\\/andersenschool.it\\\/wp-content\\\/uploads\\\/2023\\\/05\\\/andersen-school-milano-logo.png\",\"width\":500,\"height\":99,\"caption\":\"Andersen International School\"},\"image\":{\"@id\":\"https:\\\/\\\/andersenschool.it\\\/#\\\/schema\\\/logo\\\/image\\\/\"}}]}<\/script>\n<!-- \/ Yoast SEO plugin. -->","yoast_head_json":{"title":"PSHE - Andersen International School","description":"Approfondisci la PSHE Policy di Andersen International School: educazione personale, sociale, sanitaria ed economica","robots":{"index":"index","follow":"follow","max-snippet":"max-snippet:-1","max-image-preview":"max-image-preview:large","max-video-preview":"max-video-preview:-1"},"canonical":"https:\/\/andersenschool.it\/it\/pshe\/","og_locale":"it_IT","og_type":"article","og_title":"PSHE - Andersen International School","og_description":"Approfondisci la PSHE Policy di Andersen International School: educazione personale, sociale, sanitaria ed economica","og_url":"https:\/\/andersenschool.it\/it\/pshe\/","og_site_name":"Andersen International School","article_modified_time":"2023-11-02T12:08:16+00:00","og_image":[{"url":"https:\/\/andersenschool.it\/wp-content\/uploads\/2023\/09\/PSHE-policy-1-1.jpg","type":"","width":"","height":""}],"twitter_card":"summary_large_image","twitter_misc":{"Tempo di lettura stimato":"3 minuti"},"schema":{"@context":"https:\/\/schema.org","@graph":[{"@type":"WebPage","@id":"https:\/\/andersenschool.it\/it\/pshe\/","url":"https:\/\/andersenschool.it\/it\/pshe\/","name":"PSHE - Andersen International School","isPartOf":{"@id":"https:\/\/andersenschool.it\/#website"},"primaryImageOfPage":{"@id":"https:\/\/andersenschool.it\/it\/pshe\/#primaryimage"},"image":{"@id":"https:\/\/andersenschool.it\/it\/pshe\/#primaryimage"},"thumbnailUrl":"https:\/\/andersenschool.it\/wp-content\/uploads\/2023\/09\/PSHE-policy-1-1.jpg","datePublished":"2023-05-15T13:36:18+00:00","dateModified":"2023-11-02T12:08:16+00:00","description":"Approfondisci la PSHE Policy di Andersen International School: educazione personale, sociale, sanitaria ed economica","breadcrumb":{"@id":"https:\/\/andersenschool.it\/it\/pshe\/#breadcrumb"},"inLanguage":"it-IT","potentialAction":[{"@type":"ReadAction","target":["https:\/\/andersenschool.it\/it\/pshe\/"]}]},{"@type":"ImageObject","inLanguage":"it-IT","@id":"https:\/\/andersenschool.it\/it\/pshe\/#primaryimage","url":"https:\/\/andersenschool.it\/wp-content\/uploads\/2023\/09\/PSHE-policy-1-1.jpg","contentUrl":"https:\/\/andersenschool.it\/wp-content\/uploads\/2023\/09\/PSHE-policy-1-1.jpg"},{"@type":"BreadcrumbList","@id":"https:\/\/andersenschool.it\/it\/pshe\/#breadcrumb","itemListElement":[{"@type":"ListItem","position":1,"name":"Home","item":"https:\/\/andersenschool.it\/"},{"@type":"ListItem","position":2,"name":"PSHE"}]},{"@type":"WebSite","@id":"https:\/\/andersenschool.it\/#website","url":"https:\/\/andersenschool.it\/","name":"Andersen International School","description":"","publisher":{"@id":"https:\/\/andersenschool.it\/#organization"},"potentialAction":[{"@type":"SearchAction","target":{"@type":"EntryPoint","urlTemplate":"https:\/\/andersenschool.it\/?s={search_term_string}"},"query-input":{"@type":"PropertyValueSpecification","valueRequired":true,"valueName":"search_term_string"}}],"inLanguage":"it-IT"},{"@type":"Organization","@id":"https:\/\/andersenschool.it\/#organization","name":"Andersen International School","url":"https:\/\/andersenschool.it\/","logo":{"@type":"ImageObject","inLanguage":"it-IT","@id":"https:\/\/andersenschool.it\/#\/schema\/logo\/image\/","url":"https:\/\/andersenschool.it\/wp-content\/uploads\/2023\/05\/andersen-school-milano-logo.png","contentUrl":"https:\/\/andersenschool.it\/wp-content\/uploads\/2023\/05\/andersen-school-milano-logo.png","width":500,"height":99,"caption":"Andersen International School"},"image":{"@id":"https:\/\/andersenschool.it\/#\/schema\/logo\/image\/"}}]}},"_links":{"self":[{"href":"https:\/\/andersenschool.it\/it\/wp-json\/wp\/v2\/pages\/2932","targetHints":{"allow":["GET"]}}],"collection":[{"href":"https:\/\/andersenschool.it\/it\/wp-json\/wp\/v2\/pages"}],"about":[{"href":"https:\/\/andersenschool.it\/it\/wp-json\/wp\/v2\/types\/page"}],"author":[{"embeddable":true,"href":"https:\/\/andersenschool.it\/it\/wp-json\/wp\/v2\/users\/2"}],"replies":[{"embeddable":true,"href":"https:\/\/andersenschool.it\/it\/wp-json\/wp\/v2\/comments?post=2932"}],"version-history":[{"count":11,"href":"https:\/\/andersenschool.it\/it\/wp-json\/wp\/v2\/pages\/2932\/revisions"}],"predecessor-version":[{"id":4037,"href":"https:\/\/andersenschool.it\/it\/wp-json\/wp\/v2\/pages\/2932\/revisions\/4037"}],"wp:attachment":[{"href":"https:\/\/andersenschool.it\/it\/wp-json\/wp\/v2\/media?parent=2932"}],"curies":[{"name":"wp","href":"https:\/\/api.w.org\/{rel}","templated":true}]}}