{"id":3037,"date":"2023-05-15T18:04:51","date_gmt":"2023-05-15T16:04:51","guid":{"rendered":"https:\/\/andersenschool.it\/chromebooks\/"},"modified":"2023-10-20T11:29:09","modified_gmt":"2023-10-20T09:29:09","slug":"chromebooks","status":"publish","type":"page","link":"https:\/\/andersenschool.it\/it\/chromebooks\/","title":{"rendered":"ChromeBooks"},"content":{"rendered":"\t\t<div data-elementor-type=\"wp-page\" data-elementor-id=\"3037\" class=\"elementor elementor-3037 elementor-636\" data-elementor-post-type=\"page\">\n\t\t\t\t<div class=\"elementor-element elementor-element-ade22fe e-flex e-con-boxed e-con e-parent\" data-id=\"ade22fe\" data-element_type=\"container\">\n\t\t\t\t\t<div class=\"e-con-inner\">\n\t\t\t\t<div class=\"elementor-element elementor-element-50c388a elementor-mobile-align-center elementor-widget elementor-widget-breadcrumbs\" data-id=\"50c388a\" data-element_type=\"widget\" data-widget_type=\"breadcrumbs.default\">\n\t\t\t\t<div class=\"elementor-widget-container\">\n\t\t\t\t\t<p id=\"breadcrumbs\"><span><span><a href=\"https:\/\/andersenschool.it\/\">Home<\/a><\/span><\/span><\/p>\t\t\t\t<\/div>\n\t\t\t\t<\/div>\n\t\t\t\t<div class=\"elementor-element elementor-element-098477e elementor-widget elementor-widget-heading\" data-id=\"098477e\" data-element_type=\"widget\" data-widget_type=\"heading.default\">\n\t\t\t\t<div class=\"elementor-widget-container\">\n\t\t\t\t\t<h1 class=\"elementor-heading-title elementor-size-default\">PC PORTATILI &amp; CHROMEBOOK\n<\/h1>\t\t\t\t<\/div>\n\t\t\t\t<\/div>\n\t\t\t\t\t<\/div>\n\t\t\t\t<\/div>\n\t\t<div class=\"elementor-element elementor-element-1b9dc57 e-flex e-con-boxed e-con e-parent\" data-id=\"1b9dc57\" data-element_type=\"container\">\n\t\t\t\t\t<div class=\"e-con-inner\">\n\t\t<div class=\"elementor-element elementor-element-4dae6c9 e-con-full e-flex e-con e-parent\" data-id=\"4dae6c9\" data-element_type=\"container\">\n\t\t\t\t<div class=\"elementor-element elementor-element-644eab5 elementor-widget elementor-widget-heading\" data-id=\"644eab5\" data-element_type=\"widget\" data-widget_type=\"heading.default\">\n\t\t\t\t<div class=\"elementor-widget-container\">\n\t\t\t\t\t<h2 class=\"elementor-heading-title elementor-size-default\">A PARTIRE DA SETTEMBRE 2022 ADOTTEREMO UNA POLITICA DI DISPOSITIVI PERSONALI PER GLI STUDENTI\n<\/h2>\t\t\t\t<\/div>\n\t\t\t\t<\/div>\n\t\t\t\t<div class=\"elementor-element elementor-element-9c569d9 elementor-widget elementor-widget-text-editor\" data-id=\"9c569d9\" data-element_type=\"widget\" data-widget_type=\"text-editor.default\">\n\t\t\t\t<div class=\"elementor-widget-container\">\n\t\t\t\t\t\t\t\t\t<p><span style=\"font-weight: 400;\">\u00c8 giunto il momento di tenere il passo con i cambiamenti nella tecnologia e nel mondo digitale in cui vivono gli studenti.<\/span><\/p><p><span style=\"font-weight: 400;\">La tecnologia \u00e8 solo uno strumento, e il punto nell&#8217;educazione \u00e8 insegnare il suo utilizzo per attivit\u00e0 comuni come lo studio, la ricerca, la creazione di contenuti e molto altro!<\/span><\/p><p><span style=\"font-weight: 400;\">Adotteremo quindi una politica di dispositivi personali per gli studenti nella scuola media a partire dal nuovo anno scolastico, a settembre 2023.<\/span><\/p>\t\t\t\t\t\t\t\t<\/div>\n\t\t\t\t<\/div>\n\t\t\t\t<\/div>\n\t\t<div class=\"elementor-element elementor-element-3a6435d e-con-full e-flex e-con e-parent\" data-id=\"3a6435d\" data-element_type=\"container\">\n\t\t\t\t<div class=\"elementor-element elementor-element-62c177d elementor-widget elementor-widget-image\" data-id=\"62c177d\" data-element_type=\"widget\" data-widget_type=\"image.default\">\n\t\t\t\t<div class=\"elementor-widget-container\">\n\t\t\t\t\t\t\t\t\t\t\t\t\t\t\t<img fetchpriority=\"high\" decoding=\"async\" width=\"600\" height=\"800\" src=\"https:\/\/andersenschool.it\/wp-content\/uploads\/2023\/08\/ChromeBooks-1-e1694163697405.jpg\" class=\"attachment-large size-large wp-image-1969\" alt=\"\" \/>\t\t\t\t\t\t\t\t\t\t\t\t\t\t\t<\/div>\n\t\t\t\t<\/div>\n\t\t\t\t<\/div>\n\t\t\t\t\t<\/div>\n\t\t\t\t<\/div>\n\t\t<div class=\"elementor-element elementor-element-239115f e-flex e-con-boxed e-con e-parent\" data-id=\"239115f\" data-element_type=\"container\">\n\t\t\t\t\t<div class=\"e-con-inner\">\n\t\t<div class=\"elementor-element elementor-element-fb12f6a e-flex e-con-boxed e-con e-parent\" data-id=\"fb12f6a\" data-element_type=\"container\">\n\t\t\t\t\t<div class=\"e-con-inner\">\n\t\t\t\t<div class=\"elementor-element elementor-element-704c821 elementor-widget elementor-widget-heading\" data-id=\"704c821\" data-element_type=\"widget\" data-widget_type=\"heading.default\">\n\t\t\t\t<div class=\"elementor-widget-container\">\n\t\t\t\t\t<h3 class=\"elementor-heading-title elementor-size-default\">CHE TIPO DI DISPOSITIVO PER GLI STUDENTI\n<\/h3>\t\t\t\t<\/div>\n\t\t\t\t<\/div>\n\t\t\t\t<div class=\"elementor-element elementor-element-2ce775a elementor-widget elementor-widget-text-editor\" data-id=\"2ce775a\" data-element_type=\"widget\" data-widget_type=\"text-editor.default\">\n\t\t\t\t<div class=\"elementor-widget-container\">\n\t\t\t\t\t\t\t\t\t<p><span style=\"font-weight: 400;\">Abbiamo bisogno di un dispositivo leggero, con una batteria che duri almeno 3-4 ore e materiali durevoli.<br \/><\/span><span style=\"font-weight: 400;\">Ci sono molte scelte sul mercato e tra tutte abbiamo considerato i laptop Chromebook come una buona soluzione.<\/span><\/p>\t\t\t\t\t\t\t\t<\/div>\n\t\t\t\t<\/div>\n\t\t\t\t\t<\/div>\n\t\t\t\t<\/div>\n\t\t<div class=\"elementor-element elementor-element-803ade7 e-flex e-con-boxed e-con e-parent\" data-id=\"803ade7\" data-element_type=\"container\">\n\t\t\t\t\t<div class=\"e-con-inner\">\n\t\t\t\t<div class=\"elementor-element elementor-element-a4d90ba elementor-widget elementor-widget-heading\" data-id=\"a4d90ba\" data-element_type=\"widget\" data-widget_type=\"heading.default\">\n\t\t\t\t<div class=\"elementor-widget-container\">\n\t\t\t\t\t<h3 class=\"elementor-heading-title elementor-size-default\">The Chromebook Technology\n<\/h3>\t\t\t\t<\/div>\n\t\t\t\t<\/div>\n\t\t\t\t<div class=\"elementor-element elementor-element-c5f67bc elementor-widget elementor-widget-text-editor\" data-id=\"c5f67bc\" data-element_type=\"widget\" data-widget_type=\"text-editor.default\">\n\t\t\t\t<div class=\"elementor-widget-container\">\n\t\t\t\t\t\t\t\t\t<p><span style=\"font-weight: 400;\">Chromebook \u00e8 il nome comune per una categoria di computer, di solito notebook, gestiti da un sistema chiamato Chrome Operating System, creato da Google invece dell&#8217;usuale Microsoft Windows.<\/span><\/p><p><span style=\"font-weight: 400;\">I Chromebook funzionano molto bene con Google Workspace for Education, una suite di software basata su cloud che la scuola utilizza gi\u00e0 proficuamente dal 2018.<\/span><\/p><p><span style=\"font-weight: 400;\">I Chromebook sono di solito pi\u00f9 leggeri, economici e con una batteria pi\u00f9 duratura rispetto ai laptop Windows. Hanno alcune limitazioni, naturalmente, ma in ogni caso sono una grande soluzione per un dispositivo personale da utilizzare a scuola.<\/span><\/p>\t\t\t\t\t\t\t\t<\/div>\n\t\t\t\t<\/div>\n\t\t\t\t\t<\/div>\n\t\t\t\t<\/div>\n\t\t<div class=\"elementor-element elementor-element-1afd3be e-flex e-con-boxed e-con e-parent\" data-id=\"1afd3be\" data-element_type=\"container\">\n\t\t\t\t\t<div class=\"e-con-inner\">\n\t\t\t\t<div class=\"elementor-element elementor-element-9c8e7ac elementor-widget elementor-widget-heading\" data-id=\"9c8e7ac\" data-element_type=\"widget\" data-widget_type=\"heading.default\">\n\t\t\t\t<div class=\"elementor-widget-container\">\n\t\t\t\t\t<h3 class=\"elementor-heading-title elementor-size-default\">Thecnical Specs\n<\/h3>\t\t\t\t<\/div>\n\t\t\t\t<\/div>\n\t\t\t\t<div class=\"elementor-element elementor-element-a926ec5 elementor-widget elementor-widget-text-editor\" data-id=\"a926ec5\" data-element_type=\"widget\" data-widget_type=\"text-editor.default\">\n\t\t\t\t<div class=\"elementor-widget-container\">\n\t\t\t\t\t\t\t\t\t<p><span style=\"font-weight: 400;\">Come con qualsiasi altra tecnologia, ci sono molti modelli di Chromebook, diversi per forma, qualit\u00e0, prestazioni, componenti. Non vogliamo vincolare i nostri utenti a un produttore\/modello specifico, ma comunque abbiamo bisogno di alcune specifiche minime per essere sicuri che il laptop possa essere utilizzato con profitto per scopi didattici. Ecco le specifiche:<\/span><\/p><p><span style=\"font-weight: 400;\">CPU Intel Celeron N5000 o superiore (verificare su siti di confronto come questo per saperne di pi\u00f9)<\/span><\/p><ul><li><span style=\"font-weight: 400;\">RAM 8 GB<\/span><\/li><li><span style=\"font-weight: 400;\">MONITOR Risoluzione Full HD (1920&#215;1080)<\/span><\/li><li><span style=\"font-weight: 400;\">DIMENSIONI: 13&#8243; o superiori<\/span><\/li><\/ul>\t\t\t\t\t\t\t\t<\/div>\n\t\t\t\t<\/div>\n\t\t\t\t\t<\/div>\n\t\t\t\t<\/div>\n\t\t\t\t\t<\/div>\n\t\t\t\t<\/div>\n\t\t<div class=\"elementor-element elementor-element-a1998a3 e-flex e-con-boxed e-con e-parent\" data-id=\"a1998a3\" data-element_type=\"container\">\n\t\t\t\t\t<div class=\"e-con-inner\">\n\t\t\t\t<div class=\"elementor-element elementor-element-101240d elementor-widget elementor-widget-spacer\" data-id=\"101240d\" data-element_type=\"widget\" data-widget_type=\"spacer.default\">\n\t\t\t\t<div class=\"elementor-widget-container\">\n\t\t\t\t\t\t\t<div class=\"elementor-spacer\">\n\t\t\t<div class=\"elementor-spacer-inner\"><\/div>\n\t\t<\/div>\n\t\t\t\t\t\t<\/div>\n\t\t\t\t<\/div>\n\t\t\t\t\t<\/div>\n\t\t\t\t<\/div>\n\t\t\t\t<\/div>\n\t\t","protected":false},"excerpt":{"rendered":"<p>PC PORTATILI &#038; CHROMEBOOK A PARTIRE DA SETTEMBRE 2022 ADOTTEREMO UNA POLITICA DI DISPOSITIVI PERSONALI PER GLI STUDENTI \u00c8 giunto il momento di tenere il passo con i cambiamenti nella tecnologia e nel mondo digitale in cui vivono gli studenti. La tecnologia \u00e8 solo uno strumento, e il punto nell&#8217;educazione \u00e8 insegnare il suo utilizzo [&hellip;]<\/p>\n","protected":false},"author":2,"featured_media":0,"parent":0,"menu_order":0,"comment_status":"closed","ping_status":"closed","template":"","meta":{"footnotes":""},"class_list":["post-3037","page","type-page","status-publish","hentry"],"yoast_head":"<!-- This site is optimized with the Yoast SEO plugin v26.7 - https:\/\/yoast.com\/wordpress\/plugins\/seo\/ -->\n<title>ChromeBooks - Andersen International School<\/title>\n<meta name=\"robots\" content=\"index, follow, max-snippet:-1, max-image-preview:large, max-video-preview:-1\" \/>\n<link rel=\"canonical\" href=\"https:\/\/andersenschool.it\/chromebooks\/\" \/>\n<meta property=\"og:locale\" content=\"it_IT\" \/>\n<meta property=\"og:type\" content=\"article\" \/>\n<meta property=\"og:title\" content=\"ChromeBooks - Andersen International School\" \/>\n<meta property=\"og:description\" content=\"PC PORTATILI &#038; CHROMEBOOK A PARTIRE DA SETTEMBRE 2022 ADOTTEREMO UNA POLITICA DI DISPOSITIVI PERSONALI PER GLI STUDENTI \u00c8 giunto il momento di tenere il passo con i cambiamenti nella tecnologia e nel mondo digitale in cui vivono gli studenti. La tecnologia \u00e8 solo uno strumento, e il punto nell&#8217;educazione \u00e8 insegnare il suo utilizzo [&hellip;]\" \/>\n<meta property=\"og:url\" content=\"https:\/\/andersenschool.it\/chromebooks\/\" \/>\n<meta property=\"og:site_name\" content=\"Andersen International School\" \/>\n<meta property=\"article:modified_time\" content=\"2023-10-20T09:29:09+00:00\" \/>\n<meta property=\"og:image\" content=\"https:\/\/andersenschool.it\/wp-content\/uploads\/2023\/08\/ChromeBooks-1-e1694163697405.jpg\" \/>\n<meta name=\"twitter:card\" content=\"summary_large_image\" \/>\n<meta name=\"twitter:label1\" content=\"Tempo di lettura stimato\" \/>\n\t<meta name=\"twitter:data1\" content=\"2 minuti\" \/>\n<script type=\"application\/ld+json\" class=\"yoast-schema-graph\">{\"@context\":\"https:\/\/schema.org\",\"@graph\":[{\"@type\":\"WebPage\",\"@id\":\"https:\/\/andersenschool.it\/chromebooks\/\",\"url\":\"https:\/\/andersenschool.it\/chromebooks\/\",\"name\":\"ChromeBooks - Andersen International School\",\"isPartOf\":{\"@id\":\"https:\/\/andersenschool.it\/#website\"},\"primaryImageOfPage\":{\"@id\":\"https:\/\/andersenschool.it\/chromebooks\/#primaryimage\"},\"image\":{\"@id\":\"https:\/\/andersenschool.it\/chromebooks\/#primaryimage\"},\"thumbnailUrl\":\"https:\/\/andersenschool.it\/wp-content\/uploads\/2023\/08\/ChromeBooks-1-e1694163697405.jpg\",\"datePublished\":\"2023-05-15T16:04:51+00:00\",\"dateModified\":\"2023-10-20T09:29:09+00:00\",\"breadcrumb\":{\"@id\":\"https:\/\/andersenschool.it\/chromebooks\/#breadcrumb\"},\"inLanguage\":\"it-IT\",\"potentialAction\":[{\"@type\":\"ReadAction\",\"target\":[\"https:\/\/andersenschool.it\/chromebooks\/\"]}]},{\"@type\":\"ImageObject\",\"inLanguage\":\"it-IT\",\"@id\":\"https:\/\/andersenschool.it\/chromebooks\/#primaryimage\",\"url\":\"https:\/\/andersenschool.it\/wp-content\/uploads\/2023\/08\/ChromeBooks-1-e1694163697405.jpg\",\"contentUrl\":\"https:\/\/andersenschool.it\/wp-content\/uploads\/2023\/08\/ChromeBooks-1-e1694163697405.jpg\"},{\"@type\":\"BreadcrumbList\",\"@id\":\"https:\/\/andersenschool.it\/chromebooks\/#breadcrumb\",\"itemListElement\":[{\"@type\":\"ListItem\",\"position\":1,\"name\":\"Home\",\"item\":\"https:\/\/andersenschool.it\/\"},{\"@type\":\"ListItem\",\"position\":2,\"name\":\"ChromeBooks\"}]},{\"@type\":\"WebSite\",\"@id\":\"https:\/\/andersenschool.it\/#website\",\"url\":\"https:\/\/andersenschool.it\/\",\"name\":\"Andersen International School\",\"description\":\"\",\"publisher\":{\"@id\":\"https:\/\/andersenschool.it\/#organization\"},\"potentialAction\":[{\"@type\":\"SearchAction\",\"target\":{\"@type\":\"EntryPoint\",\"urlTemplate\":\"https:\/\/andersenschool.it\/?s={search_term_string}\"},\"query-input\":{\"@type\":\"PropertyValueSpecification\",\"valueRequired\":true,\"valueName\":\"search_term_string\"}}],\"inLanguage\":\"it-IT\"},{\"@type\":\"Organization\",\"@id\":\"https:\/\/andersenschool.it\/#organization\",\"name\":\"Andersen International School\",\"url\":\"https:\/\/andersenschool.it\/\",\"logo\":{\"@type\":\"ImageObject\",\"inLanguage\":\"it-IT\",\"@id\":\"https:\/\/andersenschool.it\/#\/schema\/logo\/image\/\",\"url\":\"https:\/\/andersenschool.it\/wp-content\/uploads\/2023\/05\/andersen-school-milano-logo.png\",\"contentUrl\":\"https:\/\/andersenschool.it\/wp-content\/uploads\/2023\/05\/andersen-school-milano-logo.png\",\"width\":500,\"height\":99,\"caption\":\"Andersen International School\"},\"image\":{\"@id\":\"https:\/\/andersenschool.it\/#\/schema\/logo\/image\/\"}}]}<\/script>\n<!-- \/ Yoast SEO plugin. -->","yoast_head_json":{"title":"ChromeBooks - Andersen International School","robots":{"index":"index","follow":"follow","max-snippet":"max-snippet:-1","max-image-preview":"max-image-preview:large","max-video-preview":"max-video-preview:-1"},"canonical":"https:\/\/andersenschool.it\/chromebooks\/","og_locale":"it_IT","og_type":"article","og_title":"ChromeBooks - Andersen International School","og_description":"PC PORTATILI &#038; CHROMEBOOK A PARTIRE DA SETTEMBRE 2022 ADOTTEREMO UNA POLITICA DI DISPOSITIVI PERSONALI PER GLI STUDENTI \u00c8 giunto il momento di tenere il passo con i cambiamenti nella tecnologia e nel mondo digitale in cui vivono gli studenti. La tecnologia \u00e8 solo uno strumento, e il punto nell&#8217;educazione \u00e8 insegnare il suo utilizzo [&hellip;]","og_url":"https:\/\/andersenschool.it\/chromebooks\/","og_site_name":"Andersen International School","article_modified_time":"2023-10-20T09:29:09+00:00","og_image":[{"url":"https:\/\/andersenschool.it\/wp-content\/uploads\/2023\/08\/ChromeBooks-1-e1694163697405.jpg","type":"","width":"","height":""}],"twitter_card":"summary_large_image","twitter_misc":{"Tempo di lettura stimato":"2 minuti"},"schema":{"@context":"https:\/\/schema.org","@graph":[{"@type":"WebPage","@id":"https:\/\/andersenschool.it\/chromebooks\/","url":"https:\/\/andersenschool.it\/chromebooks\/","name":"ChromeBooks - Andersen International School","isPartOf":{"@id":"https:\/\/andersenschool.it\/#website"},"primaryImageOfPage":{"@id":"https:\/\/andersenschool.it\/chromebooks\/#primaryimage"},"image":{"@id":"https:\/\/andersenschool.it\/chromebooks\/#primaryimage"},"thumbnailUrl":"https:\/\/andersenschool.it\/wp-content\/uploads\/2023\/08\/ChromeBooks-1-e1694163697405.jpg","datePublished":"2023-05-15T16:04:51+00:00","dateModified":"2023-10-20T09:29:09+00:00","breadcrumb":{"@id":"https:\/\/andersenschool.it\/chromebooks\/#breadcrumb"},"inLanguage":"it-IT","potentialAction":[{"@type":"ReadAction","target":["https:\/\/andersenschool.it\/chromebooks\/"]}]},{"@type":"ImageObject","inLanguage":"it-IT","@id":"https:\/\/andersenschool.it\/chromebooks\/#primaryimage","url":"https:\/\/andersenschool.it\/wp-content\/uploads\/2023\/08\/ChromeBooks-1-e1694163697405.jpg","contentUrl":"https:\/\/andersenschool.it\/wp-content\/uploads\/2023\/08\/ChromeBooks-1-e1694163697405.jpg"},{"@type":"BreadcrumbList","@id":"https:\/\/andersenschool.it\/chromebooks\/#breadcrumb","itemListElement":[{"@type":"ListItem","position":1,"name":"Home","item":"https:\/\/andersenschool.it\/"},{"@type":"ListItem","position":2,"name":"ChromeBooks"}]},{"@type":"WebSite","@id":"https:\/\/andersenschool.it\/#website","url":"https:\/\/andersenschool.it\/","name":"Andersen International School","description":"","publisher":{"@id":"https:\/\/andersenschool.it\/#organization"},"potentialAction":[{"@type":"SearchAction","target":{"@type":"EntryPoint","urlTemplate":"https:\/\/andersenschool.it\/?s={search_term_string}"},"query-input":{"@type":"PropertyValueSpecification","valueRequired":true,"valueName":"search_term_string"}}],"inLanguage":"it-IT"},{"@type":"Organization","@id":"https:\/\/andersenschool.it\/#organization","name":"Andersen International School","url":"https:\/\/andersenschool.it\/","logo":{"@type":"ImageObject","inLanguage":"it-IT","@id":"https:\/\/andersenschool.it\/#\/schema\/logo\/image\/","url":"https:\/\/andersenschool.it\/wp-content\/uploads\/2023\/05\/andersen-school-milano-logo.png","contentUrl":"https:\/\/andersenschool.it\/wp-content\/uploads\/2023\/05\/andersen-school-milano-logo.png","width":500,"height":99,"caption":"Andersen International School"},"image":{"@id":"https:\/\/andersenschool.it\/#\/schema\/logo\/image\/"}}]}},"_links":{"self":[{"href":"https:\/\/andersenschool.it\/it\/wp-json\/wp\/v2\/pages\/3037","targetHints":{"allow":["GET"]}}],"collection":[{"href":"https:\/\/andersenschool.it\/it\/wp-json\/wp\/v2\/pages"}],"about":[{"href":"https:\/\/andersenschool.it\/it\/wp-json\/wp\/v2\/types\/page"}],"author":[{"embeddable":true,"href":"https:\/\/andersenschool.it\/it\/wp-json\/wp\/v2\/users\/2"}],"replies":[{"embeddable":true,"href":"https:\/\/andersenschool.it\/it\/wp-json\/wp\/v2\/comments?post=3037"}],"version-history":[{"count":6,"href":"https:\/\/andersenschool.it\/it\/wp-json\/wp\/v2\/pages\/3037\/revisions"}],"predecessor-version":[{"id":3065,"href":"https:\/\/andersenschool.it\/it\/wp-json\/wp\/v2\/pages\/3037\/revisions\/3065"}],"wp:attachment":[{"href":"https:\/\/andersenschool.it\/it\/wp-json\/wp\/v2\/media?parent=3037"}],"curies":[{"name":"wp","href":"https:\/\/api.w.org\/{rel}","templated":true}]}}