{"id":3077,"date":"2023-05-15T18:17:32","date_gmt":"2023-05-15T16:17:32","guid":{"rendered":"https:\/\/andersenschool.it\/ptof-middle-school\/"},"modified":"2026-01-14T11:30:56","modified_gmt":"2026-01-14T10:30:56","slug":"ptof-middle-school","status":"publish","type":"page","link":"https:\/\/andersenschool.it\/it\/ptof-middle-school\/","title":{"rendered":"PTOF SCUOLA MEDIA"},"content":{"rendered":"\t\t<div data-elementor-type=\"wp-page\" data-elementor-id=\"3077\" class=\"elementor elementor-3077 elementor-669\" data-elementor-post-type=\"page\">\n\t\t\t\t<div class=\"elementor-element elementor-element-2171392 e-flex e-con-boxed e-con e-parent\" data-id=\"2171392\" data-element_type=\"container\">\n\t\t\t\t\t<div class=\"e-con-inner\">\n\t\t\t\t<div class=\"elementor-element elementor-element-3af295c elementor-mobile-align-center elementor-widget elementor-widget-breadcrumbs\" data-id=\"3af295c\" data-element_type=\"widget\" data-widget_type=\"breadcrumbs.default\">\n\t\t\t\t<div class=\"elementor-widget-container\">\n\t\t\t\t\t<p id=\"breadcrumbs\"><span><span><a href=\"https:\/\/andersenschool.it\/\">Home<\/a><\/span><\/span><\/p>\t\t\t\t<\/div>\n\t\t\t\t<\/div>\n\t\t\t\t<div class=\"elementor-element elementor-element-75629ad elementor-widget elementor-widget-heading\" data-id=\"75629ad\" data-element_type=\"widget\" data-widget_type=\"heading.default\">\n\t\t\t\t<div class=\"elementor-widget-container\">\n\t\t\t\t\t<h1 class=\"elementor-heading-title elementor-size-default\">PTOF SCUOLA MEDIA<\/h1>\t\t\t\t<\/div>\n\t\t\t\t<\/div>\n\t\t<div class=\"elementor-element elementor-element-7dd6486 e-flex e-con-boxed e-con e-child\" data-id=\"7dd6486\" data-element_type=\"container\">\n\t\t\t\t\t<div class=\"e-con-inner\">\n\t\t<div class=\"elementor-element elementor-element-d76efbb e-con-full e-flex e-con e-child\" data-id=\"d76efbb\" data-element_type=\"container\">\n\t\t\t\t<div class=\"elementor-element elementor-element-eeeb588 elementor-widget elementor-widget-text-editor\" data-id=\"eeeb588\" data-element_type=\"widget\" data-widget_type=\"text-editor.default\">\n\t\t\t\t<div class=\"elementor-widget-container\">\n\t\t\t\t\t\t\t\t\t<p><span style=\"font-weight: 400;\">In base al paragrafo 14 dell&#8217;articolo 1 della legge n. 107 del 13 luglio 2015, &#8220;ciascuna istituzione scolastica elabora, con la partecipazione di tutti i suoi componenti, il piano triennale delle offerte educative, che pu\u00f2 essere revisionato annualmente. Il Piano \u00e8 il documento fondamentale che costituisce l&#8217;identit\u00e0 culturale e progettuale delle istituzioni scolastiche e specifica la pianificazione curricolare, extracurricolare, educativa e organizzativa che le singole scuole adottano all&#8217;interno della propria autonomia&#8221; (Regolamento sull&#8217;autonomia scolastica, Decreto Presidenziale 8 marzo 1999, n. 275). Il PTOF \u00e8 soggetto ai finanziamenti, alle risorse umane, alle strutture e alle attrezzature fornite dagli enti competenti. Il seguente piano, pur confermando la struttura generale, gli obiettivi e le finalit\u00e0 della Andersen International School , rappresenta il modello operativo finalizzato al miglioramento continuo di tutti i processi che la scuola implementer\u00e0. Il Piano \u00e8 stato elaborato dal corpo docente sulla base delle linee guida per le attivit\u00e0 scolastiche e delle scelte gestionali e amministrative definite dal Dirigente Scolastico<\/span><\/p>\t\t\t\t\t\t\t\t<\/div>\n\t\t\t\t<\/div>\n\t\t\t\t<\/div>\n\t\t<div class=\"elementor-element elementor-element-241fb43 e-con-full e-flex e-con e-child\" data-id=\"241fb43\" data-element_type=\"container\">\n\t\t\t\t<div class=\"elementor-element elementor-element-9499bab elementor-widget elementor-widget-image\" data-id=\"9499bab\" data-element_type=\"widget\" data-widget_type=\"image.default\">\n\t\t\t\t<div class=\"elementor-widget-container\">\n\t\t\t\t\t\t\t\t\t\t\t\t\t\t\t<img fetchpriority=\"high\" decoding=\"async\" width=\"512\" height=\"512\" src=\"https:\/\/andersenschool.it\/wp-content\/uploads\/2023\/05\/cropped-fav-icon-andersen-school.jpg\" class=\"attachment-large size-large wp-image-110\" alt=\"\" srcset=\"https:\/\/andersenschool.it\/wp-content\/uploads\/2023\/05\/cropped-fav-icon-andersen-school.jpg 512w, https:\/\/andersenschool.it\/wp-content\/uploads\/2023\/05\/cropped-fav-icon-andersen-school-300x300.jpg 300w, https:\/\/andersenschool.it\/wp-content\/uploads\/2023\/05\/cropped-fav-icon-andersen-school-150x150.jpg 150w, https:\/\/andersenschool.it\/wp-content\/uploads\/2023\/05\/cropped-fav-icon-andersen-school-270x270.jpg 270w, https:\/\/andersenschool.it\/wp-content\/uploads\/2023\/05\/cropped-fav-icon-andersen-school-192x192.jpg 192w, https:\/\/andersenschool.it\/wp-content\/uploads\/2023\/05\/cropped-fav-icon-andersen-school-180x180.jpg 180w, https:\/\/andersenschool.it\/wp-content\/uploads\/2023\/05\/cropped-fav-icon-andersen-school-32x32.jpg 32w\" sizes=\"(max-width: 512px) 100vw, 512px\" \/>\t\t\t\t\t\t\t\t\t\t\t\t\t\t\t<\/div>\n\t\t\t\t<\/div>\n\t\t\t\t<div class=\"elementor-element elementor-element-1373a14 elementor-widget elementor-widget-heading\" data-id=\"1373a14\" data-element_type=\"widget\" data-widget_type=\"heading.default\">\n\t\t\t\t<div class=\"elementor-widget-container\">\n\t\t\t\t\t<h3 class=\"elementor-heading-title elementor-size-default\">Ptof 2025 - 2028<\/h3>\t\t\t\t<\/div>\n\t\t\t\t<\/div>\n\t\t\t\t<div class=\"elementor-element elementor-element-a3d9aa4 elementor-align-right elementor-widget elementor-widget-button\" data-id=\"a3d9aa4\" data-element_type=\"widget\" data-widget_type=\"button.default\">\n\t\t\t\t<div class=\"elementor-widget-container\">\n\t\t\t\t\t\t\t\t\t<div class=\"elementor-button-wrapper\">\n\t\t\t\t\t<a class=\"elementor-button elementor-button-link elementor-size-sm elementor-animation-grow\" href=\"https:\/\/andersenschool.it\/wp-content\/uploads\/2026\/01\/PTOF-MS-Andersen-School-25-28.pdf\" target=\"_blank\">\n\t\t\t\t\t\t<span class=\"elementor-button-content-wrapper\">\n\t\t\t\t\t\t<span class=\"elementor-button-icon\">\n\t\t\t\t<i aria-hidden=\"true\" class=\"far fa-file-pdf\"><\/i>\t\t\t<\/span>\n\t\t\t\t\t\t\t\t\t<span class=\"elementor-button-text\">Download<\/span>\n\t\t\t\t\t<\/span>\n\t\t\t\t\t<\/a>\n\t\t\t\t<\/div>\n\t\t\t\t\t\t\t\t<\/div>\n\t\t\t\t<\/div>\n\t\t\t\t<\/div>\n\t\t\t\t\t<\/div>\n\t\t\t\t<\/div>\n\t\t\t\t\t<\/div>\n\t\t\t\t<\/div>\n\t\t<div class=\"elementor-element elementor-element-f722f79 e-flex e-con-boxed e-con e-parent\" data-id=\"f722f79\" data-element_type=\"container\">\n\t\t\t\t\t<div class=\"e-con-inner\">\n\t\t\t\t<div class=\"elementor-element elementor-element-a55b1dc elementor-widget elementor-widget-spacer\" data-id=\"a55b1dc\" data-element_type=\"widget\" data-widget_type=\"spacer.default\">\n\t\t\t\t<div class=\"elementor-widget-container\">\n\t\t\t\t\t\t\t<div class=\"elementor-spacer\">\n\t\t\t<div class=\"elementor-spacer-inner\"><\/div>\n\t\t<\/div>\n\t\t\t\t\t\t<\/div>\n\t\t\t\t<\/div>\n\t\t\t\t\t<\/div>\n\t\t\t\t<\/div>\n\t\t\t\t<\/div>\n\t\t","protected":false},"excerpt":{"rendered":"<p>PTOF SCUOLA MEDIA In base al paragrafo 14 dell&#8217;articolo 1 della legge n. 107 del 13 luglio 2015, &#8220;ciascuna istituzione scolastica elabora, con la partecipazione di tutti i suoi componenti, il piano triennale delle offerte educative, che pu\u00f2 essere revisionato annualmente. Il Piano \u00e8 il documento fondamentale che costituisce l&#8217;identit\u00e0 culturale e progettuale delle istituzioni [&hellip;]<\/p>\n","protected":false},"author":2,"featured_media":0,"parent":0,"menu_order":0,"comment_status":"closed","ping_status":"closed","template":"","meta":{"footnotes":""},"class_list":["post-3077","page","type-page","status-publish","hentry"],"yoast_head":"<!-- This site is optimized with the Yoast SEO plugin v27.4 - https:\/\/yoast.com\/product\/yoast-seo-wordpress\/ -->\n<title>PTOF SCUOLA MEDIA - Andersen International School<\/title>\n<meta name=\"description\" content=\"Il Piano Triennale dell&#039;Offerta Formativa (PTOF) per la Scuola Media di Andersen International School: per la crescita degli studenti.\" \/>\n<meta name=\"robots\" content=\"index, follow, max-snippet:-1, max-image-preview:large, max-video-preview:-1\" \/>\n<link rel=\"canonical\" href=\"https:\/\/andersenschool.it\/ptof-middle-school\/\" \/>\n<meta property=\"og:locale\" content=\"it_IT\" \/>\n<meta property=\"og:type\" content=\"article\" \/>\n<meta property=\"og:title\" content=\"PTOF SCUOLA MEDIA - Andersen International School\" \/>\n<meta property=\"og:description\" content=\"Il Piano Triennale dell&#039;Offerta Formativa (PTOF) per la Scuola Media di Andersen International School: per la crescita degli studenti.\" \/>\n<meta property=\"og:url\" content=\"https:\/\/andersenschool.it\/ptof-middle-school\/\" \/>\n<meta property=\"og:site_name\" content=\"Andersen International School\" \/>\n<meta property=\"article:modified_time\" content=\"2026-01-14T10:30:56+00:00\" \/>\n<meta property=\"og:image\" content=\"https:\/\/andersenschool.it\/wp-content\/uploads\/2023\/05\/cropped-fav-icon-andersen-school.jpg\" \/>\n\t<meta property=\"og:image:width\" content=\"512\" \/>\n\t<meta property=\"og:image:height\" content=\"512\" \/>\n\t<meta property=\"og:image:type\" content=\"image\/jpeg\" \/>\n<meta name=\"twitter:card\" content=\"summary_large_image\" \/>\n<meta name=\"twitter:label1\" content=\"Tempo di lettura stimato\" \/>\n\t<meta name=\"twitter:data1\" content=\"2 minuti\" \/>\n<script type=\"application\/ld+json\" class=\"yoast-schema-graph\">{\"@context\":\"https:\\\/\\\/schema.org\",\"@graph\":[{\"@type\":\"WebPage\",\"@id\":\"https:\\\/\\\/andersenschool.it\\\/ptof-middle-school\\\/\",\"url\":\"https:\\\/\\\/andersenschool.it\\\/ptof-middle-school\\\/\",\"name\":\"PTOF SCUOLA MEDIA - Andersen International School\",\"isPartOf\":{\"@id\":\"https:\\\/\\\/andersenschool.it\\\/#website\"},\"primaryImageOfPage\":{\"@id\":\"https:\\\/\\\/andersenschool.it\\\/ptof-middle-school\\\/#primaryimage\"},\"image\":{\"@id\":\"https:\\\/\\\/andersenschool.it\\\/ptof-middle-school\\\/#primaryimage\"},\"thumbnailUrl\":\"https:\\\/\\\/andersenschool.it\\\/wp-content\\\/uploads\\\/2023\\\/05\\\/cropped-fav-icon-andersen-school.jpg\",\"datePublished\":\"2023-05-15T16:17:32+00:00\",\"dateModified\":\"2026-01-14T10:30:56+00:00\",\"description\":\"Il Piano Triennale dell'Offerta Formativa (PTOF) per la Scuola Media di Andersen International School: per la crescita degli studenti.\",\"breadcrumb\":{\"@id\":\"https:\\\/\\\/andersenschool.it\\\/ptof-middle-school\\\/#breadcrumb\"},\"inLanguage\":\"it-IT\",\"potentialAction\":[{\"@type\":\"ReadAction\",\"target\":[\"https:\\\/\\\/andersenschool.it\\\/ptof-middle-school\\\/\"]}]},{\"@type\":\"ImageObject\",\"inLanguage\":\"it-IT\",\"@id\":\"https:\\\/\\\/andersenschool.it\\\/ptof-middle-school\\\/#primaryimage\",\"url\":\"https:\\\/\\\/andersenschool.it\\\/wp-content\\\/uploads\\\/2023\\\/05\\\/cropped-fav-icon-andersen-school.jpg\",\"contentUrl\":\"https:\\\/\\\/andersenschool.it\\\/wp-content\\\/uploads\\\/2023\\\/05\\\/cropped-fav-icon-andersen-school.jpg\"},{\"@type\":\"BreadcrumbList\",\"@id\":\"https:\\\/\\\/andersenschool.it\\\/ptof-middle-school\\\/#breadcrumb\",\"itemListElement\":[{\"@type\":\"ListItem\",\"position\":1,\"name\":\"Home\",\"item\":\"https:\\\/\\\/andersenschool.it\\\/\"},{\"@type\":\"ListItem\",\"position\":2,\"name\":\"PTOF SCUOLA MEDIA\"}]},{\"@type\":\"WebSite\",\"@id\":\"https:\\\/\\\/andersenschool.it\\\/#website\",\"url\":\"https:\\\/\\\/andersenschool.it\\\/\",\"name\":\"Andersen International School\",\"description\":\"\",\"publisher\":{\"@id\":\"https:\\\/\\\/andersenschool.it\\\/#organization\"},\"potentialAction\":[{\"@type\":\"SearchAction\",\"target\":{\"@type\":\"EntryPoint\",\"urlTemplate\":\"https:\\\/\\\/andersenschool.it\\\/?s={search_term_string}\"},\"query-input\":{\"@type\":\"PropertyValueSpecification\",\"valueRequired\":true,\"valueName\":\"search_term_string\"}}],\"inLanguage\":\"it-IT\"},{\"@type\":\"Organization\",\"@id\":\"https:\\\/\\\/andersenschool.it\\\/#organization\",\"name\":\"Andersen International School\",\"url\":\"https:\\\/\\\/andersenschool.it\\\/\",\"logo\":{\"@type\":\"ImageObject\",\"inLanguage\":\"it-IT\",\"@id\":\"https:\\\/\\\/andersenschool.it\\\/#\\\/schema\\\/logo\\\/image\\\/\",\"url\":\"https:\\\/\\\/andersenschool.it\\\/wp-content\\\/uploads\\\/2023\\\/05\\\/andersen-school-milano-logo.png\",\"contentUrl\":\"https:\\\/\\\/andersenschool.it\\\/wp-content\\\/uploads\\\/2023\\\/05\\\/andersen-school-milano-logo.png\",\"width\":500,\"height\":99,\"caption\":\"Andersen International School\"},\"image\":{\"@id\":\"https:\\\/\\\/andersenschool.it\\\/#\\\/schema\\\/logo\\\/image\\\/\"}}]}<\/script>\n<!-- \/ Yoast SEO plugin. -->","yoast_head_json":{"title":"PTOF SCUOLA MEDIA - Andersen International School","description":"Il Piano Triennale dell'Offerta Formativa (PTOF) per la Scuola Media di Andersen International School: per la crescita degli studenti.","robots":{"index":"index","follow":"follow","max-snippet":"max-snippet:-1","max-image-preview":"max-image-preview:large","max-video-preview":"max-video-preview:-1"},"canonical":"https:\/\/andersenschool.it\/ptof-middle-school\/","og_locale":"it_IT","og_type":"article","og_title":"PTOF SCUOLA MEDIA - Andersen International School","og_description":"Il Piano Triennale dell'Offerta Formativa (PTOF) per la Scuola Media di Andersen International School: per la crescita degli studenti.","og_url":"https:\/\/andersenschool.it\/ptof-middle-school\/","og_site_name":"Andersen International School","article_modified_time":"2026-01-14T10:30:56+00:00","og_image":[{"width":512,"height":512,"url":"https:\/\/andersenschool.it\/wp-content\/uploads\/2023\/05\/cropped-fav-icon-andersen-school.jpg","type":"image\/jpeg"}],"twitter_card":"summary_large_image","twitter_misc":{"Tempo di lettura stimato":"2 minuti"},"schema":{"@context":"https:\/\/schema.org","@graph":[{"@type":"WebPage","@id":"https:\/\/andersenschool.it\/ptof-middle-school\/","url":"https:\/\/andersenschool.it\/ptof-middle-school\/","name":"PTOF SCUOLA MEDIA - Andersen International School","isPartOf":{"@id":"https:\/\/andersenschool.it\/#website"},"primaryImageOfPage":{"@id":"https:\/\/andersenschool.it\/ptof-middle-school\/#primaryimage"},"image":{"@id":"https:\/\/andersenschool.it\/ptof-middle-school\/#primaryimage"},"thumbnailUrl":"https:\/\/andersenschool.it\/wp-content\/uploads\/2023\/05\/cropped-fav-icon-andersen-school.jpg","datePublished":"2023-05-15T16:17:32+00:00","dateModified":"2026-01-14T10:30:56+00:00","description":"Il Piano Triennale dell'Offerta Formativa (PTOF) per la Scuola Media di Andersen International School: per la crescita degli studenti.","breadcrumb":{"@id":"https:\/\/andersenschool.it\/ptof-middle-school\/#breadcrumb"},"inLanguage":"it-IT","potentialAction":[{"@type":"ReadAction","target":["https:\/\/andersenschool.it\/ptof-middle-school\/"]}]},{"@type":"ImageObject","inLanguage":"it-IT","@id":"https:\/\/andersenschool.it\/ptof-middle-school\/#primaryimage","url":"https:\/\/andersenschool.it\/wp-content\/uploads\/2023\/05\/cropped-fav-icon-andersen-school.jpg","contentUrl":"https:\/\/andersenschool.it\/wp-content\/uploads\/2023\/05\/cropped-fav-icon-andersen-school.jpg"},{"@type":"BreadcrumbList","@id":"https:\/\/andersenschool.it\/ptof-middle-school\/#breadcrumb","itemListElement":[{"@type":"ListItem","position":1,"name":"Home","item":"https:\/\/andersenschool.it\/"},{"@type":"ListItem","position":2,"name":"PTOF SCUOLA MEDIA"}]},{"@type":"WebSite","@id":"https:\/\/andersenschool.it\/#website","url":"https:\/\/andersenschool.it\/","name":"Andersen International School","description":"","publisher":{"@id":"https:\/\/andersenschool.it\/#organization"},"potentialAction":[{"@type":"SearchAction","target":{"@type":"EntryPoint","urlTemplate":"https:\/\/andersenschool.it\/?s={search_term_string}"},"query-input":{"@type":"PropertyValueSpecification","valueRequired":true,"valueName":"search_term_string"}}],"inLanguage":"it-IT"},{"@type":"Organization","@id":"https:\/\/andersenschool.it\/#organization","name":"Andersen International School","url":"https:\/\/andersenschool.it\/","logo":{"@type":"ImageObject","inLanguage":"it-IT","@id":"https:\/\/andersenschool.it\/#\/schema\/logo\/image\/","url":"https:\/\/andersenschool.it\/wp-content\/uploads\/2023\/05\/andersen-school-milano-logo.png","contentUrl":"https:\/\/andersenschool.it\/wp-content\/uploads\/2023\/05\/andersen-school-milano-logo.png","width":500,"height":99,"caption":"Andersen International School"},"image":{"@id":"https:\/\/andersenschool.it\/#\/schema\/logo\/image\/"}}]}},"_links":{"self":[{"href":"https:\/\/andersenschool.it\/it\/wp-json\/wp\/v2\/pages\/3077","targetHints":{"allow":["GET"]}}],"collection":[{"href":"https:\/\/andersenschool.it\/it\/wp-json\/wp\/v2\/pages"}],"about":[{"href":"https:\/\/andersenschool.it\/it\/wp-json\/wp\/v2\/types\/page"}],"author":[{"embeddable":true,"href":"https:\/\/andersenschool.it\/it\/wp-json\/wp\/v2\/users\/2"}],"replies":[{"embeddable":true,"href":"https:\/\/andersenschool.it\/it\/wp-json\/wp\/v2\/comments?post=3077"}],"version-history":[{"count":17,"href":"https:\/\/andersenschool.it\/it\/wp-json\/wp\/v2\/pages\/3077\/revisions"}],"predecessor-version":[{"id":9371,"href":"https:\/\/andersenschool.it\/it\/wp-json\/wp\/v2\/pages\/3077\/revisions\/9371"}],"wp:attachment":[{"href":"https:\/\/andersenschool.it\/it\/wp-json\/wp\/v2\/media?parent=3077"}],"curies":[{"name":"wp","href":"https:\/\/api.w.org\/{rel}","templated":true}]}}