{"id":6233,"date":"2024-06-07T10:39:25","date_gmt":"2024-06-07T08:39:25","guid":{"rendered":"https:\/\/andersenschool.it\/model-united-nation\/"},"modified":"2025-06-06T09:03:27","modified_gmt":"2025-06-06T07:03:27","slug":"model-united-nation","status":"publish","type":"page","link":"https:\/\/andersenschool.it\/it\/model-united-nation\/","title":{"rendered":"Model United Nation"},"content":{"rendered":"\t\t<div data-elementor-type=\"wp-page\" data-elementor-id=\"6233\" class=\"elementor elementor-6233 elementor-6208\" data-elementor-post-type=\"page\">\n\t\t\t\t<div class=\"elementor-element elementor-element-2a4023d e-flex e-con-boxed e-con e-parent\" data-id=\"2a4023d\" data-element_type=\"container\">\n\t\t\t\t\t<div class=\"e-con-inner\">\n\t\t\t\t<div class=\"elementor-element elementor-element-6c29354 elementor-mobile-align-center elementor-widget elementor-widget-breadcrumbs\" data-id=\"6c29354\" data-element_type=\"widget\" data-widget_type=\"breadcrumbs.default\">\n\t\t\t\t<div class=\"elementor-widget-container\">\n\t\t\t\t\t<p id=\"breadcrumbs\"><span><span><a href=\"https:\/\/andersenschool.it\/\">Home<\/a><\/span><\/span><\/p>\t\t\t\t<\/div>\n\t\t\t\t<\/div>\n\t\t<div class=\"elementor-element elementor-element-dc0bb41 e-flex e-con-boxed e-con e-child\" data-id=\"dc0bb41\" data-element_type=\"container\">\n\t\t\t\t\t<div class=\"e-con-inner\">\n\t\t<div class=\"elementor-element elementor-element-88f453d e-flex e-con-boxed e-con e-child\" data-id=\"88f453d\" data-element_type=\"container\">\n\t\t\t\t\t<div class=\"e-con-inner\">\n\t\t\t\t<div class=\"elementor-element elementor-element-4f8e3f3 elementor-widget elementor-widget-heading\" data-id=\"4f8e3f3\" data-element_type=\"widget\" data-widget_type=\"heading.default\">\n\t\t\t\t<div class=\"elementor-widget-container\">\n\t\t\t\t\t<h2 class=\"elementor-heading-title elementor-size-default\">Che cos'\u00e8 il Model United Nations (MUN)? \n\n\n<\/h2>\t\t\t\t<\/div>\n\t\t\t\t<\/div>\n\t\t\t\t<div class=\"elementor-element elementor-element-67431c6 elementor-widget elementor-widget-text-editor\" data-id=\"67431c6\" data-element_type=\"widget\" data-widget_type=\"text-editor.default\">\n\t\t\t\t<div class=\"elementor-widget-container\">\n\t\t\t\t\t\t\t\t\t<div>Il MUN \u00e8 l&#8217;abbreviazione di Model United Nations, noto anche come Model UN, un&#8217;attivit\u00e0 accademica in ascesa negli ultimi anni. <\/div>\n<div> <\/div>\n<div><u>Simulando<\/u> le Nazioni Unite, gli studenti partecipano alla conferenza come <i>delegati<\/i> di ogni nazione, <i>presidenti (team della presidenza)<\/i> e <i>paggi (assistenti).<\/i><\/div>\n<div> <\/div>\n<div>Negoziare, cooperare e dibattere consente ai delegati di elaborare una <i> bozza di risoluzione completa (DR) <\/i> e risolvere la questione. <\/div>\n<div>Attraverso la conferenza, puoi affinare le tue competenze di inglese, scrittura, pensiero critico, apprendimento della leadership e lavoro di squadra, ampliando i tuoi orizzonti.<\/p>\n<div> <\/div>\n<\/div>\n\t\t\t\t\t\t\t\t<\/div>\n\t\t\t\t<\/div>\n\t\t\t\t\t<\/div>\n\t\t\t\t<\/div>\n\t\t<div class=\"elementor-element elementor-element-74a3ff3 e-con-full e-flex e-con e-child\" data-id=\"74a3ff3\" data-element_type=\"container\">\n\t\t\t\t<div class=\"elementor-element elementor-element-6466ace elementor-widget elementor-widget-image\" data-id=\"6466ace\" data-element_type=\"widget\" data-widget_type=\"image.default\">\n\t\t\t\t<div class=\"elementor-widget-container\">\n\t\t\t\t\t\t\t\t\t\t\t\t\t\t\t<img fetchpriority=\"high\" decoding=\"async\" width=\"636\" height=\"560\" src=\"https:\/\/andersenschool.it\/wp-content\/uploads\/2024\/06\/MUN-1.jpg\" class=\"attachment-large size-large wp-image-6218\" alt=\"\" srcset=\"https:\/\/andersenschool.it\/wp-content\/uploads\/2024\/06\/MUN-1.jpg 636w, https:\/\/andersenschool.it\/wp-content\/uploads\/2024\/06\/MUN-1-300x264.jpg 300w\" sizes=\"(max-width: 636px) 100vw, 636px\" \/>\t\t\t\t\t\t\t\t\t\t\t\t\t\t\t<\/div>\n\t\t\t\t<\/div>\n\t\t\t\t<\/div>\n\t\t\t\t\t<\/div>\n\t\t\t\t<\/div>\n\t\t\t\t\t<\/div>\n\t\t\t\t<\/div>\n\t\t<div class=\"elementor-element elementor-element-fe4e375 e-flex e-con-boxed e-con e-parent\" data-id=\"fe4e375\" data-element_type=\"container\" data-settings=\"{&quot;background_background&quot;:&quot;classic&quot;}\">\n\t\t\t\t\t<div class=\"e-con-inner\">\n\t\t\t\t<div class=\"elementor-element elementor-element-2d90b16 elementor-widget elementor-widget-heading\" data-id=\"2d90b16\" data-element_type=\"widget\" data-widget_type=\"heading.default\">\n\t\t\t\t<div class=\"elementor-widget-container\">\n\t\t\t\t\t<h2 class=\"elementor-heading-title elementor-size-default\">Conferenze MUN: Unire le menti, ispirare il cambiamento\n\n\n<\/h2>\t\t\t\t<\/div>\n\t\t\t\t<\/div>\n\t\t\t\t<div class=\"elementor-element elementor-element-939545c elementor-widget elementor-widget-text-editor\" data-id=\"939545c\" data-element_type=\"widget\" data-widget_type=\"text-editor.default\">\n\t\t\t\t<div class=\"elementor-widget-container\">\n\t\t\t\t\t\t\t\t\t<div>\n<div>Il nostro obiettivo \u00e8 partecipare a due conferenze all&#8217;anno. Ogni conferenza \u00e8 una simulazione delle assemblee delle Nazioni Unite. Man mano che una conferenza si avvicina, utilizziamo il tempo del club per preparare ricerche sui paesi e sugli argomenti da discutere.<\/div>\n<\/div>\n<div>\n<div>Queste conferenze rispecchiano le autentiche assemblee delle Nazioni Unite e offrono ai nostri studenti incredibili opportunit\u00e0 di connettersi e interagire con persone affini provenienti da tutto il mondo. <\/div>\n<div> <\/div>\n<\/div>\n<div>\n<div>Il MUN offre una piattaforma impareggiabile per gli studenti per sviluppare le loro capacit\u00e0 di leadership, parlare in pubblico e negoziazione.<\/div>\n<\/div>\n\t\t\t\t\t\t\t\t<\/div>\n\t\t\t\t<\/div>\n\t\t\t\t<div class=\"elementor-element elementor-element-aff0546 elementor-widget-divider--view-line elementor-widget elementor-widget-divider\" data-id=\"aff0546\" data-element_type=\"widget\" data-widget_type=\"divider.default\">\n\t\t\t\t<div class=\"elementor-widget-container\">\n\t\t\t\t\t\t\t<div class=\"elementor-divider\">\n\t\t\t<span class=\"elementor-divider-separator\">\n\t\t\t\t\t\t<\/span>\n\t\t<\/div>\n\t\t\t\t\t\t<\/div>\n\t\t\t\t<\/div>\n\t\t\t\t<div class=\"elementor-element elementor-element-917c1d2 elementor-widget elementor-widget-text-editor\" data-id=\"917c1d2\" data-element_type=\"widget\" data-widget_type=\"text-editor.default\">\n\t\t\t\t<div class=\"elementor-widget-container\">\n\t\t\t\t\t\t\t\t\t<p><b>Parte del<\/b> <b>CAS:<\/b> La partecipazione attiva a questo club \u00e8 riconosciuta come valida per il progetto CAS e l&#8217;esperienza CAS. Gli studenti avranno quindi l&#8217;opportunit\u00e0 di aggiungere le ore, le riflessioni e le esperienze acquisite attraverso questa attivit\u00e0 extracurriculare arricchente al loro diario CAS.<\/p>\n\t\t\t\t\t\t\t\t<\/div>\n\t\t\t\t<\/div>\n\t\t\t\t\t<\/div>\n\t\t\t\t<\/div>\n\t\t<div class=\"elementor-element elementor-element-6ca7465 e-flex e-con-boxed e-con e-parent\" data-id=\"6ca7465\" data-element_type=\"container\">\n\t\t\t\t\t<div class=\"e-con-inner\">\n\t\t\t\t<div class=\"elementor-element elementor-element-d60f7dd elementor-widget elementor-widget-heading\" data-id=\"d60f7dd\" data-element_type=\"widget\" data-widget_type=\"heading.default\">\n\t\t\t\t<div class=\"elementor-widget-container\">\n\t\t\t\t\t<h2 class=\"elementor-heading-title elementor-size-default\">Come \u00e8 organizzato:\n\n\n<\/h2>\t\t\t\t<\/div>\n\t\t\t\t<\/div>\n\t\t\t\t<div class=\"elementor-element elementor-element-8bbd435 elementor-widget elementor-widget-text-editor\" data-id=\"8bbd435\" data-element_type=\"widget\" data-widget_type=\"text-editor.default\">\n\t\t\t\t<div class=\"elementor-widget-container\">\n\t\t\t\t\t\t\t\t\t<div><strong>Il club \u00e8 un&#8217;attivit\u00e0 extracurriculare che si svolge su base settimanale.<\/strong><\/div><div>\u00a0<\/div><div><div><div id=\"m_-7487835576884232984m_-7796687387217316271m_7076668929097827452m_-5883094656629701345m_-3848698147114682861gmail-:1c4\">\u00a0<\/div><\/div><\/div>\t\t\t\t\t\t\t\t<\/div>\n\t\t\t\t<\/div>\n\t\t\t\t\t<\/div>\n\t\t\t\t<\/div>\n\t\t<div class=\"elementor-element elementor-element-e08ea29 e-flex e-con-boxed e-con e-parent\" data-id=\"e08ea29\" data-element_type=\"container\">\n\t\t\t\t\t<div class=\"e-con-inner\">\n\t\t\t\t<div class=\"elementor-element elementor-element-cb745e6 elementor-widget elementor-widget-spacer\" data-id=\"cb745e6\" data-element_type=\"widget\" data-widget_type=\"spacer.default\">\n\t\t\t\t<div class=\"elementor-widget-container\">\n\t\t\t\t\t\t\t<div class=\"elementor-spacer\">\n\t\t\t<div class=\"elementor-spacer-inner\"><\/div>\n\t\t<\/div>\n\t\t\t\t\t\t<\/div>\n\t\t\t\t<\/div>\n\t\t\t\t\t<\/div>\n\t\t\t\t<\/div>\n\t\t\t\t<\/div>\n\t\t","protected":false},"excerpt":{"rendered":"<p>Che cos&#8217;\u00e8 il Model United Nations (MUN)? Il MUN \u00e8 l&#8217;abbreviazione di Model United Nations, noto anche come Model UN, un&#8217;attivit\u00e0 accademica in ascesa negli ultimi anni. Simulando le Nazioni Unite, gli studenti partecipano alla conferenza come delegati di ogni nazione, presidenti (team della presidenza) e paggi (assistenti). Negoziare, cooperare e dibattere consente ai delegati [&hellip;]<\/p>\n","protected":false},"author":2,"featured_media":0,"parent":0,"menu_order":0,"comment_status":"closed","ping_status":"closed","template":"","meta":{"footnotes":""},"class_list":["post-6233","page","type-page","status-publish","hentry"],"yoast_head":"<!-- This site is optimized with the Yoast SEO plugin v26.7 - https:\/\/yoast.com\/wordpress\/plugins\/seo\/ -->\n<title>Model United Nation - Andersen International School<\/title>\n<meta name=\"robots\" content=\"index, follow, max-snippet:-1, max-image-preview:large, max-video-preview:-1\" \/>\n<link rel=\"canonical\" href=\"https:\/\/andersenschool.it\/model-united-nation\/\" \/>\n<meta property=\"og:locale\" content=\"it_IT\" \/>\n<meta property=\"og:type\" content=\"article\" \/>\n<meta property=\"og:title\" content=\"Model United Nation - Andersen International School\" \/>\n<meta property=\"og:description\" content=\"Che cos&#8217;\u00e8 il Model United Nations (MUN)? Il MUN \u00e8 l&#8217;abbreviazione di Model United Nations, noto anche come Model UN, un&#8217;attivit\u00e0 accademica in ascesa negli ultimi anni. Simulando le Nazioni Unite, gli studenti partecipano alla conferenza come delegati di ogni nazione, presidenti (team della presidenza) e paggi (assistenti). Negoziare, cooperare e dibattere consente ai delegati [&hellip;]\" \/>\n<meta property=\"og:url\" content=\"https:\/\/andersenschool.it\/model-united-nation\/\" \/>\n<meta property=\"og:site_name\" content=\"Andersen International School\" \/>\n<meta property=\"article:modified_time\" content=\"2025-06-06T07:03:27+00:00\" \/>\n<meta property=\"og:image\" content=\"https:\/\/andersenschool.it\/wp-content\/uploads\/2024\/06\/MUN-1.jpg\" \/>\n\t<meta property=\"og:image:width\" content=\"636\" \/>\n\t<meta property=\"og:image:height\" content=\"560\" \/>\n\t<meta property=\"og:image:type\" content=\"image\/jpeg\" \/>\n<meta name=\"twitter:card\" content=\"summary_large_image\" \/>\n<meta name=\"twitter:label1\" content=\"Tempo di lettura stimato\" \/>\n\t<meta name=\"twitter:data1\" content=\"2 minuti\" \/>\n<script type=\"application\/ld+json\" class=\"yoast-schema-graph\">{\"@context\":\"https:\/\/schema.org\",\"@graph\":[{\"@type\":\"WebPage\",\"@id\":\"https:\/\/andersenschool.it\/model-united-nation\/\",\"url\":\"https:\/\/andersenschool.it\/model-united-nation\/\",\"name\":\"Model United Nation - Andersen International School\",\"isPartOf\":{\"@id\":\"https:\/\/andersenschool.it\/#website\"},\"primaryImageOfPage\":{\"@id\":\"https:\/\/andersenschool.it\/model-united-nation\/#primaryimage\"},\"image\":{\"@id\":\"https:\/\/andersenschool.it\/model-united-nation\/#primaryimage\"},\"thumbnailUrl\":\"https:\/\/andersenschool.it\/wp-content\/uploads\/2024\/06\/MUN-1.jpg\",\"datePublished\":\"2024-06-07T08:39:25+00:00\",\"dateModified\":\"2025-06-06T07:03:27+00:00\",\"breadcrumb\":{\"@id\":\"https:\/\/andersenschool.it\/model-united-nation\/#breadcrumb\"},\"inLanguage\":\"it-IT\",\"potentialAction\":[{\"@type\":\"ReadAction\",\"target\":[\"https:\/\/andersenschool.it\/model-united-nation\/\"]}]},{\"@type\":\"ImageObject\",\"inLanguage\":\"it-IT\",\"@id\":\"https:\/\/andersenschool.it\/model-united-nation\/#primaryimage\",\"url\":\"https:\/\/andersenschool.it\/wp-content\/uploads\/2024\/06\/MUN-1.jpg\",\"contentUrl\":\"https:\/\/andersenschool.it\/wp-content\/uploads\/2024\/06\/MUN-1.jpg\"},{\"@type\":\"BreadcrumbList\",\"@id\":\"https:\/\/andersenschool.it\/model-united-nation\/#breadcrumb\",\"itemListElement\":[{\"@type\":\"ListItem\",\"position\":1,\"name\":\"Home\",\"item\":\"https:\/\/andersenschool.it\/\"},{\"@type\":\"ListItem\",\"position\":2,\"name\":\"Model United Nation\"}]},{\"@type\":\"WebSite\",\"@id\":\"https:\/\/andersenschool.it\/#website\",\"url\":\"https:\/\/andersenschool.it\/\",\"name\":\"Andersen International School\",\"description\":\"\",\"publisher\":{\"@id\":\"https:\/\/andersenschool.it\/#organization\"},\"potentialAction\":[{\"@type\":\"SearchAction\",\"target\":{\"@type\":\"EntryPoint\",\"urlTemplate\":\"https:\/\/andersenschool.it\/?s={search_term_string}\"},\"query-input\":{\"@type\":\"PropertyValueSpecification\",\"valueRequired\":true,\"valueName\":\"search_term_string\"}}],\"inLanguage\":\"it-IT\"},{\"@type\":\"Organization\",\"@id\":\"https:\/\/andersenschool.it\/#organization\",\"name\":\"Andersen International School\",\"url\":\"https:\/\/andersenschool.it\/\",\"logo\":{\"@type\":\"ImageObject\",\"inLanguage\":\"it-IT\",\"@id\":\"https:\/\/andersenschool.it\/#\/schema\/logo\/image\/\",\"url\":\"https:\/\/andersenschool.it\/wp-content\/uploads\/2023\/05\/andersen-school-milano-logo.png\",\"contentUrl\":\"https:\/\/andersenschool.it\/wp-content\/uploads\/2023\/05\/andersen-school-milano-logo.png\",\"width\":500,\"height\":99,\"caption\":\"Andersen International School\"},\"image\":{\"@id\":\"https:\/\/andersenschool.it\/#\/schema\/logo\/image\/\"}}]}<\/script>\n<!-- \/ Yoast SEO plugin. -->","yoast_head_json":{"title":"Model United Nation - Andersen International School","robots":{"index":"index","follow":"follow","max-snippet":"max-snippet:-1","max-image-preview":"max-image-preview:large","max-video-preview":"max-video-preview:-1"},"canonical":"https:\/\/andersenschool.it\/model-united-nation\/","og_locale":"it_IT","og_type":"article","og_title":"Model United Nation - Andersen International School","og_description":"Che cos&#8217;\u00e8 il Model United Nations (MUN)? Il MUN \u00e8 l&#8217;abbreviazione di Model United Nations, noto anche come Model UN, un&#8217;attivit\u00e0 accademica in ascesa negli ultimi anni. Simulando le Nazioni Unite, gli studenti partecipano alla conferenza come delegati di ogni nazione, presidenti (team della presidenza) e paggi (assistenti). Negoziare, cooperare e dibattere consente ai delegati [&hellip;]","og_url":"https:\/\/andersenschool.it\/model-united-nation\/","og_site_name":"Andersen International School","article_modified_time":"2025-06-06T07:03:27+00:00","og_image":[{"width":636,"height":560,"url":"https:\/\/andersenschool.it\/wp-content\/uploads\/2024\/06\/MUN-1.jpg","type":"image\/jpeg"}],"twitter_card":"summary_large_image","twitter_misc":{"Tempo di lettura stimato":"2 minuti"},"schema":{"@context":"https:\/\/schema.org","@graph":[{"@type":"WebPage","@id":"https:\/\/andersenschool.it\/model-united-nation\/","url":"https:\/\/andersenschool.it\/model-united-nation\/","name":"Model United Nation - Andersen International School","isPartOf":{"@id":"https:\/\/andersenschool.it\/#website"},"primaryImageOfPage":{"@id":"https:\/\/andersenschool.it\/model-united-nation\/#primaryimage"},"image":{"@id":"https:\/\/andersenschool.it\/model-united-nation\/#primaryimage"},"thumbnailUrl":"https:\/\/andersenschool.it\/wp-content\/uploads\/2024\/06\/MUN-1.jpg","datePublished":"2024-06-07T08:39:25+00:00","dateModified":"2025-06-06T07:03:27+00:00","breadcrumb":{"@id":"https:\/\/andersenschool.it\/model-united-nation\/#breadcrumb"},"inLanguage":"it-IT","potentialAction":[{"@type":"ReadAction","target":["https:\/\/andersenschool.it\/model-united-nation\/"]}]},{"@type":"ImageObject","inLanguage":"it-IT","@id":"https:\/\/andersenschool.it\/model-united-nation\/#primaryimage","url":"https:\/\/andersenschool.it\/wp-content\/uploads\/2024\/06\/MUN-1.jpg","contentUrl":"https:\/\/andersenschool.it\/wp-content\/uploads\/2024\/06\/MUN-1.jpg"},{"@type":"BreadcrumbList","@id":"https:\/\/andersenschool.it\/model-united-nation\/#breadcrumb","itemListElement":[{"@type":"ListItem","position":1,"name":"Home","item":"https:\/\/andersenschool.it\/"},{"@type":"ListItem","position":2,"name":"Model United Nation"}]},{"@type":"WebSite","@id":"https:\/\/andersenschool.it\/#website","url":"https:\/\/andersenschool.it\/","name":"Andersen International School","description":"","publisher":{"@id":"https:\/\/andersenschool.it\/#organization"},"potentialAction":[{"@type":"SearchAction","target":{"@type":"EntryPoint","urlTemplate":"https:\/\/andersenschool.it\/?s={search_term_string}"},"query-input":{"@type":"PropertyValueSpecification","valueRequired":true,"valueName":"search_term_string"}}],"inLanguage":"it-IT"},{"@type":"Organization","@id":"https:\/\/andersenschool.it\/#organization","name":"Andersen International School","url":"https:\/\/andersenschool.it\/","logo":{"@type":"ImageObject","inLanguage":"it-IT","@id":"https:\/\/andersenschool.it\/#\/schema\/logo\/image\/","url":"https:\/\/andersenschool.it\/wp-content\/uploads\/2023\/05\/andersen-school-milano-logo.png","contentUrl":"https:\/\/andersenschool.it\/wp-content\/uploads\/2023\/05\/andersen-school-milano-logo.png","width":500,"height":99,"caption":"Andersen International School"},"image":{"@id":"https:\/\/andersenschool.it\/#\/schema\/logo\/image\/"}}]}},"_links":{"self":[{"href":"https:\/\/andersenschool.it\/it\/wp-json\/wp\/v2\/pages\/6233","targetHints":{"allow":["GET"]}}],"collection":[{"href":"https:\/\/andersenschool.it\/it\/wp-json\/wp\/v2\/pages"}],"about":[{"href":"https:\/\/andersenschool.it\/it\/wp-json\/wp\/v2\/types\/page"}],"author":[{"embeddable":true,"href":"https:\/\/andersenschool.it\/it\/wp-json\/wp\/v2\/users\/2"}],"replies":[{"embeddable":true,"href":"https:\/\/andersenschool.it\/it\/wp-json\/wp\/v2\/comments?post=6233"}],"version-history":[{"count":19,"href":"https:\/\/andersenschool.it\/it\/wp-json\/wp\/v2\/pages\/6233\/revisions"}],"predecessor-version":[{"id":8140,"href":"https:\/\/andersenschool.it\/it\/wp-json\/wp\/v2\/pages\/6233\/revisions\/8140"}],"wp:attachment":[{"href":"https:\/\/andersenschool.it\/it\/wp-json\/wp\/v2\/media?parent=6233"}],"curies":[{"name":"wp","href":"https:\/\/api.w.org\/{rel}","templated":true}]}}