{"id":6522,"date":"2024-06-25T11:05:13","date_gmt":"2024-06-25T09:05:13","guid":{"rendered":"https:\/\/andersenschool.it\/pc-portatile-chromebook\/"},"modified":"2025-06-30T11:55:02","modified_gmt":"2025-06-30T09:55:02","slug":"pc-portatile-chromebook","status":"publish","type":"page","link":"https:\/\/andersenschool.it\/it\/pc-portatile-chromebook\/","title":{"rendered":"ChromeBook High School"},"content":{"rendered":"\t\t<div data-elementor-type=\"wp-page\" data-elementor-id=\"6522\" class=\"elementor elementor-6522 elementor-6504\" data-elementor-post-type=\"page\">\n\t\t\t\t<div class=\"elementor-element elementor-element-5b925ff e-flex e-con-boxed e-con e-parent\" data-id=\"5b925ff\" data-element_type=\"container\">\n\t\t\t\t\t<div class=\"e-con-inner\">\n\t\t\t\t<div class=\"elementor-element elementor-element-bd3a666 elementor-mobile-align-center elementor-widget elementor-widget-breadcrumbs\" data-id=\"bd3a666\" data-element_type=\"widget\" data-widget_type=\"breadcrumbs.default\">\n\t\t\t\t<div class=\"elementor-widget-container\">\n\t\t\t\t\t<p id=\"breadcrumbs\"><span><span><a href=\"https:\/\/andersenschool.it\/\">Home<\/a><\/span><\/span><\/p>\t\t\t\t<\/div>\n\t\t\t\t<\/div>\n\t\t\t\t<div class=\"elementor-element elementor-element-917324e elementor-widget elementor-widget-heading\" data-id=\"917324e\" data-element_type=\"widget\" data-widget_type=\"heading.default\">\n\t\t\t\t<div class=\"elementor-widget-container\">\n\t\t\t\t\t<h1 class=\"elementor-heading-title elementor-size-default\">ChromeBook High School<\/h1>\t\t\t\t<\/div>\n\t\t\t\t<\/div>\n\t\t\t\t\t<\/div>\n\t\t\t\t<\/div>\n\t\t<div class=\"elementor-element elementor-element-7919d16 e-flex e-con-boxed e-con e-parent\" data-id=\"7919d16\" data-element_type=\"container\">\n\t\t\t\t\t<div class=\"e-con-inner\">\n\t\t<div class=\"elementor-element elementor-element-bbabbde e-con-full e-flex e-con e-child\" data-id=\"bbabbde\" data-element_type=\"container\">\n\t\t\t\t<div class=\"elementor-element elementor-element-4f6d2c0 elementor-widget elementor-widget-heading\" data-id=\"4f6d2c0\" data-element_type=\"widget\" data-widget_type=\"heading.default\">\n\t\t\t\t<div class=\"elementor-widget-container\">\n\t\t\t\t\t<h3 class=\"elementor-heading-title elementor-size-default\">The Chromebook Technology\n<\/h3>\t\t\t\t<\/div>\n\t\t\t\t<\/div>\n\t\t\t\t<div class=\"elementor-element elementor-element-2e2fd02 elementor-widget elementor-widget-text-editor\" data-id=\"2e2fd02\" data-element_type=\"widget\" data-widget_type=\"text-editor.default\">\n\t\t\t\t<div class=\"elementor-widget-container\">\n\t\t\t\t\t\t\t\t\t<p><a href=\"https:\/\/www.google.com\/chromebook\/\">Chromebook<\/a> \u00e8 il nome comune di una categoria di computer, solitamente notebook, gestiti da un sistema chiamato <em><a href=\"https:\/\/www.google.com\/chromebook\/chrome-os\/\">Chrome Operative System<\/a><\/em>, creato da Google al posto del solito Microsoft Windows.<\/p><p>I Chromebook funzionano benissimo con <em><a href=\"https:\/\/edu.google.com\/workspace-for-education\/editions\/overview\/\">Google Workspace for Education<\/a><\/em>, una suite di software cloud che la scuola utilizza gi\u00e0 con profitto dal 2018.<\/p><p>Chromebooks are usually lighter, cheaper and with longer lasting battery compared to Windows\u2019 laptops. I Chromebook sono generalmente pi\u00f9 leggeri, pi\u00f9 economici e con una batteria pi\u00f9 duratura rispetto ai portatili Windows.<\/p>\t\t\t\t\t\t\t\t<\/div>\n\t\t\t\t<\/div>\n\t\t\t\t<div class=\"elementor-element elementor-element-7256a3a elementor-widget elementor-widget-spacer\" data-id=\"7256a3a\" data-element_type=\"widget\" data-widget_type=\"spacer.default\">\n\t\t\t\t<div class=\"elementor-widget-container\">\n\t\t\t\t\t\t\t<div class=\"elementor-spacer\">\n\t\t\t<div class=\"elementor-spacer-inner\"><\/div>\n\t\t<\/div>\n\t\t\t\t\t\t<\/div>\n\t\t\t\t<\/div>\n\t\t\t\t<div class=\"elementor-element elementor-element-b4c538c elementor-widget elementor-widget-heading\" data-id=\"b4c538c\" data-element_type=\"widget\" data-widget_type=\"heading.default\">\n\t\t\t\t<div class=\"elementor-widget-container\">\n\t\t\t\t\t<h3 class=\"elementor-heading-title elementor-size-default\">Quale comprare?\n<\/h3>\t\t\t\t<\/div>\n\t\t\t\t<\/div>\n\t\t\t\t<div class=\"elementor-element elementor-element-f421b28 elementor-widget elementor-widget-heading\" data-id=\"f421b28\" data-element_type=\"widget\" data-widget_type=\"heading.default\">\n\t\t\t\t<div class=\"elementor-widget-container\">\n\t\t\t\t\t<h3 class=\"elementor-heading-title elementor-size-default\">Specifiche e requisiti minimi:\n<\/h3>\t\t\t\t<\/div>\n\t\t\t\t<\/div>\n\t\t\t\t<div class=\"elementor-element elementor-element-9cd7120 elementor-widget elementor-widget-text-editor\" data-id=\"9cd7120\" data-element_type=\"widget\" data-widget_type=\"text-editor.default\">\n\t\t\t\t<div class=\"elementor-widget-container\">\n\t\t\t\t\t\t\t\t\t<ul><li><b>Sistema operativo<\/b><span style=\"font-weight: 400;\">: Chromebook<\/span><\/li><li><b>Memoria RAM<\/b><span style=\"font-weight: 400;\">: 8 GB o superiore <\/span><\/li><li><b>Memoria Disco<\/b><span style=\"font-weight: 400;\">: 64 GB o superiore <\/span><\/li><li><b>Processore<\/b><span style=\"font-weight: 400;\">: INTEL (no Mediatek, no ARM), 12a generazione o superiore<\/span><\/li><li><b>Schermo<\/b><span style=\"font-weight: 400;\">: 14&#8243; or 15&#8243; touchscreen<\/span><\/li><\/ul>\t\t\t\t\t\t\t\t<\/div>\n\t\t\t\t<\/div>\n\t\t\t\t<div class=\"elementor-element elementor-element-a5316c1 elementor-widget elementor-widget-spacer\" data-id=\"a5316c1\" data-element_type=\"widget\" data-widget_type=\"spacer.default\">\n\t\t\t\t<div class=\"elementor-widget-container\">\n\t\t\t\t\t\t\t<div class=\"elementor-spacer\">\n\t\t\t<div class=\"elementor-spacer-inner\"><\/div>\n\t\t<\/div>\n\t\t\t\t\t\t<\/div>\n\t\t\t\t<\/div>\n\t\t\t\t<div class=\"elementor-element elementor-element-b4520c9 elementor-widget elementor-widget-heading\" data-id=\"b4520c9\" data-element_type=\"widget\" data-widget_type=\"heading.default\">\n\t\t\t\t<div class=\"elementor-widget-container\">\n\t\t\t\t\t<h3 class=\"elementor-heading-title elementor-size-default\">ESEMPI:\n\n<\/h3>\t\t\t\t<\/div>\n\t\t\t\t<\/div>\n\t\t\t\t<div class=\"elementor-element elementor-element-f14f70d elementor-widget elementor-widget-text-editor\" data-id=\"f14f70d\" data-element_type=\"widget\" data-widget_type=\"text-editor.default\">\n\t\t\t\t<div class=\"elementor-widget-container\">\n\t\t\t\t\t\t\t\t\t<p><a href=\"https:\/\/www.c2group.it\/tecnologia\/chromebook\/chromebook\/chromebook-14-touch-hp-fortis-g10-m6000-8gb-128gb-con-chrome-education-upgrade.html\"><span style=\"font-weight: 400;\">Chromebook 14&#8243; Touch &#8211; Hp Fortis G10 &#8211; M6000<\/span><\/a><\/p><p><a href=\"https:\/\/www.c2group.it\/chromebook-14-touch-lenovo-14e-gen3-intel-n100-8-gb-128-gb-con-licenza-chrome-education-upgrade-inclusa.html\"><span style=\"font-weight: 400;\">Lenovo 14e Gen3 &#8211; Intel N100 &#8211; 8 Gb &#8211; 128 Gb<\/span><\/a><\/p><p><span style=\"font-weight: 400;\">Consigliamo in particolar modo<\/span><b> la versione touchscreen<\/b><span style=\"font-weight: 400;\"> del Chromebook.<\/span><\/p>\t\t\t\t\t\t\t\t<\/div>\n\t\t\t\t<\/div>\n\t\t\t\t<\/div>\n\t\t<div class=\"elementor-element elementor-element-4834cbc e-con-full e-flex e-con e-child\" data-id=\"4834cbc\" data-element_type=\"container\">\n\t\t\t\t<div class=\"elementor-element elementor-element-d7a4336 elementor-widget elementor-widget-image\" data-id=\"d7a4336\" data-element_type=\"widget\" data-widget_type=\"image.default\">\n\t\t\t\t<div class=\"elementor-widget-container\">\n\t\t\t\t\t\t\t\t\t\t\t\t\t\t\t<img fetchpriority=\"high\" decoding=\"async\" width=\"768\" height=\"782\" src=\"https:\/\/andersenschool.it\/wp-content\/uploads\/2024\/01\/IMG_9606_1-768x782.jpg\" class=\"attachment-medium_large size-medium_large wp-image-4586\" alt=\"\" srcset=\"https:\/\/andersenschool.it\/wp-content\/uploads\/2024\/01\/IMG_9606_1-768x782.jpg 768w, https:\/\/andersenschool.it\/wp-content\/uploads\/2024\/01\/IMG_9606_1-294x300.jpg 294w, https:\/\/andersenschool.it\/wp-content\/uploads\/2024\/01\/IMG_9606_1-1005x1024.jpg 1005w, https:\/\/andersenschool.it\/wp-content\/uploads\/2024\/01\/IMG_9606_1-1508x1536.jpg 1508w, https:\/\/andersenschool.it\/wp-content\/uploads\/2024\/01\/IMG_9606_1-2010x2048.jpg 2010w\" sizes=\"(max-width: 768px) 100vw, 768px\" \/>\t\t\t\t\t\t\t\t\t\t\t\t\t\t\t<\/div>\n\t\t\t\t<\/div>\n\t\t\t\t<\/div>\n\t\t\t\t\t<\/div>\n\t\t\t\t<\/div>\n\t\t<div class=\"elementor-element elementor-element-97a38b3 e-flex e-con-boxed e-con e-parent\" data-id=\"97a38b3\" data-element_type=\"container\">\n\t\t\t\t\t<div class=\"e-con-inner\">\n\t\t\t\t<div class=\"elementor-element elementor-element-4847145 elementor-widget elementor-widget-spacer\" data-id=\"4847145\" data-element_type=\"widget\" data-widget_type=\"spacer.default\">\n\t\t\t\t<div class=\"elementor-widget-container\">\n\t\t\t\t\t\t\t<div class=\"elementor-spacer\">\n\t\t\t<div class=\"elementor-spacer-inner\"><\/div>\n\t\t<\/div>\n\t\t\t\t\t\t<\/div>\n\t\t\t\t<\/div>\n\t\t\t\t\t<\/div>\n\t\t\t\t<\/div>\n\t\t\t\t<\/div>\n\t\t","protected":false},"excerpt":{"rendered":"<p>The Chromebook Technology Chromebook \u00e8 il nome comune di una categoria di computer, solitamente notebook, gestiti da un sistema chiamato Chrome Operative System, creato da Google al posto del solito Microsoft Windows. I Chromebook funzionano benissimo con Google Workspace for Education, una suite di software cloud che la scuola utilizza gi\u00e0 con profitto dal 2018. [&hellip;]<\/p>\n","protected":false},"author":2,"featured_media":0,"parent":0,"menu_order":0,"comment_status":"closed","ping_status":"closed","template":"","meta":{"footnotes":""},"class_list":["post-6522","page","type-page","status-publish","hentry"],"yoast_head":"<!-- This site is optimized with the Yoast SEO plugin v27.4 - https:\/\/yoast.com\/product\/yoast-seo-wordpress\/ -->\n<title>ChromeBook High School - Andersen International School<\/title>\n<meta name=\"robots\" content=\"index, follow, max-snippet:-1, max-image-preview:large, max-video-preview:-1\" \/>\n<link rel=\"canonical\" href=\"https:\/\/andersenschool.it\/chromebook-high-school\/\" \/>\n<meta property=\"og:locale\" content=\"it_IT\" \/>\n<meta property=\"og:type\" content=\"article\" \/>\n<meta property=\"og:title\" content=\"ChromeBook High School - Andersen International School\" \/>\n<meta property=\"og:description\" content=\"The Chromebook Technology Chromebook \u00e8 il nome comune di una categoria di computer, solitamente notebook, gestiti da un sistema chiamato Chrome Operative System, creato da Google al posto del solito Microsoft Windows. I Chromebook funzionano benissimo con Google Workspace for Education, una suite di software cloud che la scuola utilizza gi\u00e0 con profitto dal 2018. [&hellip;]\" \/>\n<meta property=\"og:url\" content=\"https:\/\/andersenschool.it\/chromebook-high-school\/\" \/>\n<meta property=\"og:site_name\" content=\"Andersen International School\" \/>\n<meta property=\"article:modified_time\" content=\"2025-06-30T09:55:02+00:00\" \/>\n<meta property=\"og:image\" content=\"https:\/\/andersenschool.it\/wp-content\/uploads\/2024\/01\/IMG_9606_1-scaled.jpg\" \/>\n\t<meta property=\"og:image:width\" content=\"2513\" \/>\n\t<meta property=\"og:image:height\" content=\"2560\" \/>\n\t<meta property=\"og:image:type\" content=\"image\/jpeg\" \/>\n<meta name=\"twitter:card\" content=\"summary_large_image\" \/>\n<meta name=\"twitter:label1\" content=\"Tempo di lettura stimato\" \/>\n\t<meta name=\"twitter:data1\" content=\"1 minuto\" \/>\n<script type=\"application\/ld+json\" class=\"yoast-schema-graph\">{\"@context\":\"https:\\\/\\\/schema.org\",\"@graph\":[{\"@type\":\"WebPage\",\"@id\":\"https:\\\/\\\/andersenschool.it\\\/chromebook-high-school\\\/\",\"url\":\"https:\\\/\\\/andersenschool.it\\\/chromebook-high-school\\\/\",\"name\":\"ChromeBook High School - Andersen International School\",\"isPartOf\":{\"@id\":\"https:\\\/\\\/andersenschool.it\\\/#website\"},\"primaryImageOfPage\":{\"@id\":\"https:\\\/\\\/andersenschool.it\\\/chromebook-high-school\\\/#primaryimage\"},\"image\":{\"@id\":\"https:\\\/\\\/andersenschool.it\\\/chromebook-high-school\\\/#primaryimage\"},\"thumbnailUrl\":\"https:\\\/\\\/andersenschool.it\\\/wp-content\\\/uploads\\\/2024\\\/01\\\/IMG_9606_1-768x782.jpg\",\"datePublished\":\"2024-06-25T09:05:13+00:00\",\"dateModified\":\"2025-06-30T09:55:02+00:00\",\"breadcrumb\":{\"@id\":\"https:\\\/\\\/andersenschool.it\\\/chromebook-high-school\\\/#breadcrumb\"},\"inLanguage\":\"it-IT\",\"potentialAction\":[{\"@type\":\"ReadAction\",\"target\":[\"https:\\\/\\\/andersenschool.it\\\/chromebook-high-school\\\/\"]}]},{\"@type\":\"ImageObject\",\"inLanguage\":\"it-IT\",\"@id\":\"https:\\\/\\\/andersenschool.it\\\/chromebook-high-school\\\/#primaryimage\",\"url\":\"https:\\\/\\\/andersenschool.it\\\/wp-content\\\/uploads\\\/2024\\\/01\\\/IMG_9606_1-768x782.jpg\",\"contentUrl\":\"https:\\\/\\\/andersenschool.it\\\/wp-content\\\/uploads\\\/2024\\\/01\\\/IMG_9606_1-768x782.jpg\"},{\"@type\":\"BreadcrumbList\",\"@id\":\"https:\\\/\\\/andersenschool.it\\\/chromebook-high-school\\\/#breadcrumb\",\"itemListElement\":[{\"@type\":\"ListItem\",\"position\":1,\"name\":\"Home\",\"item\":\"https:\\\/\\\/andersenschool.it\\\/\"},{\"@type\":\"ListItem\",\"position\":2,\"name\":\"ChromeBook High School\"}]},{\"@type\":\"WebSite\",\"@id\":\"https:\\\/\\\/andersenschool.it\\\/#website\",\"url\":\"https:\\\/\\\/andersenschool.it\\\/\",\"name\":\"Andersen International School\",\"description\":\"\",\"publisher\":{\"@id\":\"https:\\\/\\\/andersenschool.it\\\/#organization\"},\"potentialAction\":[{\"@type\":\"SearchAction\",\"target\":{\"@type\":\"EntryPoint\",\"urlTemplate\":\"https:\\\/\\\/andersenschool.it\\\/?s={search_term_string}\"},\"query-input\":{\"@type\":\"PropertyValueSpecification\",\"valueRequired\":true,\"valueName\":\"search_term_string\"}}],\"inLanguage\":\"it-IT\"},{\"@type\":\"Organization\",\"@id\":\"https:\\\/\\\/andersenschool.it\\\/#organization\",\"name\":\"Andersen International School\",\"url\":\"https:\\\/\\\/andersenschool.it\\\/\",\"logo\":{\"@type\":\"ImageObject\",\"inLanguage\":\"it-IT\",\"@id\":\"https:\\\/\\\/andersenschool.it\\\/#\\\/schema\\\/logo\\\/image\\\/\",\"url\":\"https:\\\/\\\/andersenschool.it\\\/wp-content\\\/uploads\\\/2023\\\/05\\\/andersen-school-milano-logo.png\",\"contentUrl\":\"https:\\\/\\\/andersenschool.it\\\/wp-content\\\/uploads\\\/2023\\\/05\\\/andersen-school-milano-logo.png\",\"width\":500,\"height\":99,\"caption\":\"Andersen International School\"},\"image\":{\"@id\":\"https:\\\/\\\/andersenschool.it\\\/#\\\/schema\\\/logo\\\/image\\\/\"}}]}<\/script>\n<!-- \/ Yoast SEO plugin. -->","yoast_head_json":{"title":"ChromeBook High School - Andersen International School","robots":{"index":"index","follow":"follow","max-snippet":"max-snippet:-1","max-image-preview":"max-image-preview:large","max-video-preview":"max-video-preview:-1"},"canonical":"https:\/\/andersenschool.it\/chromebook-high-school\/","og_locale":"it_IT","og_type":"article","og_title":"ChromeBook High School - Andersen International School","og_description":"The Chromebook Technology Chromebook \u00e8 il nome comune di una categoria di computer, solitamente notebook, gestiti da un sistema chiamato Chrome Operative System, creato da Google al posto del solito Microsoft Windows. I Chromebook funzionano benissimo con Google Workspace for Education, una suite di software cloud che la scuola utilizza gi\u00e0 con profitto dal 2018. [&hellip;]","og_url":"https:\/\/andersenschool.it\/chromebook-high-school\/","og_site_name":"Andersen International School","article_modified_time":"2025-06-30T09:55:02+00:00","og_image":[{"width":2513,"height":2560,"url":"https:\/\/andersenschool.it\/wp-content\/uploads\/2024\/01\/IMG_9606_1-scaled.jpg","type":"image\/jpeg"}],"twitter_card":"summary_large_image","twitter_misc":{"Tempo di lettura stimato":"1 minuto"},"schema":{"@context":"https:\/\/schema.org","@graph":[{"@type":"WebPage","@id":"https:\/\/andersenschool.it\/chromebook-high-school\/","url":"https:\/\/andersenschool.it\/chromebook-high-school\/","name":"ChromeBook High School - Andersen International School","isPartOf":{"@id":"https:\/\/andersenschool.it\/#website"},"primaryImageOfPage":{"@id":"https:\/\/andersenschool.it\/chromebook-high-school\/#primaryimage"},"image":{"@id":"https:\/\/andersenschool.it\/chromebook-high-school\/#primaryimage"},"thumbnailUrl":"https:\/\/andersenschool.it\/wp-content\/uploads\/2024\/01\/IMG_9606_1-768x782.jpg","datePublished":"2024-06-25T09:05:13+00:00","dateModified":"2025-06-30T09:55:02+00:00","breadcrumb":{"@id":"https:\/\/andersenschool.it\/chromebook-high-school\/#breadcrumb"},"inLanguage":"it-IT","potentialAction":[{"@type":"ReadAction","target":["https:\/\/andersenschool.it\/chromebook-high-school\/"]}]},{"@type":"ImageObject","inLanguage":"it-IT","@id":"https:\/\/andersenschool.it\/chromebook-high-school\/#primaryimage","url":"https:\/\/andersenschool.it\/wp-content\/uploads\/2024\/01\/IMG_9606_1-768x782.jpg","contentUrl":"https:\/\/andersenschool.it\/wp-content\/uploads\/2024\/01\/IMG_9606_1-768x782.jpg"},{"@type":"BreadcrumbList","@id":"https:\/\/andersenschool.it\/chromebook-high-school\/#breadcrumb","itemListElement":[{"@type":"ListItem","position":1,"name":"Home","item":"https:\/\/andersenschool.it\/"},{"@type":"ListItem","position":2,"name":"ChromeBook High School"}]},{"@type":"WebSite","@id":"https:\/\/andersenschool.it\/#website","url":"https:\/\/andersenschool.it\/","name":"Andersen International School","description":"","publisher":{"@id":"https:\/\/andersenschool.it\/#organization"},"potentialAction":[{"@type":"SearchAction","target":{"@type":"EntryPoint","urlTemplate":"https:\/\/andersenschool.it\/?s={search_term_string}"},"query-input":{"@type":"PropertyValueSpecification","valueRequired":true,"valueName":"search_term_string"}}],"inLanguage":"it-IT"},{"@type":"Organization","@id":"https:\/\/andersenschool.it\/#organization","name":"Andersen International School","url":"https:\/\/andersenschool.it\/","logo":{"@type":"ImageObject","inLanguage":"it-IT","@id":"https:\/\/andersenschool.it\/#\/schema\/logo\/image\/","url":"https:\/\/andersenschool.it\/wp-content\/uploads\/2023\/05\/andersen-school-milano-logo.png","contentUrl":"https:\/\/andersenschool.it\/wp-content\/uploads\/2023\/05\/andersen-school-milano-logo.png","width":500,"height":99,"caption":"Andersen International School"},"image":{"@id":"https:\/\/andersenschool.it\/#\/schema\/logo\/image\/"}}]}},"_links":{"self":[{"href":"https:\/\/andersenschool.it\/it\/wp-json\/wp\/v2\/pages\/6522","targetHints":{"allow":["GET"]}}],"collection":[{"href":"https:\/\/andersenschool.it\/it\/wp-json\/wp\/v2\/pages"}],"about":[{"href":"https:\/\/andersenschool.it\/it\/wp-json\/wp\/v2\/types\/page"}],"author":[{"embeddable":true,"href":"https:\/\/andersenschool.it\/it\/wp-json\/wp\/v2\/users\/2"}],"replies":[{"embeddable":true,"href":"https:\/\/andersenschool.it\/it\/wp-json\/wp\/v2\/comments?post=6522"}],"version-history":[{"count":10,"href":"https:\/\/andersenschool.it\/it\/wp-json\/wp\/v2\/pages\/6522\/revisions"}],"predecessor-version":[{"id":8291,"href":"https:\/\/andersenschool.it\/it\/wp-json\/wp\/v2\/pages\/6522\/revisions\/8291"}],"wp:attachment":[{"href":"https:\/\/andersenschool.it\/it\/wp-json\/wp\/v2\/media?parent=6522"}],"curies":[{"name":"wp","href":"https:\/\/api.w.org\/{rel}","templated":true}]}}